{"id":872,"date":"2016-10-18T02:34:40","date_gmt":"2016-10-17T22:34:40","guid":{"rendered":"https:\/\/starponte.com\/organie-shop\/"},"modified":"2024-03-21T12:06:58","modified_gmt":"2024-03-21T08:06:58","slug":"organie-shop","status":"publish","type":"page","link":"https:\/\/starponte.com\/en\/organie-shop\/","title":{"rendered":"Accueil-Bakery"},"content":{"rendered":"<div data-vc-full-width=\"true\" data-vc-full-width-init=\"false\" class=\"vc_row wpb_row vc_row-fluid main-container vc_custom_1605603252719\"><div class=\"wpb_column vc_column_container vc_col-sm-12 vc_col-lg-offset-2 vc_col-lg-8 vc_col-md-offset-0 vc_col-md-12\"><div class=\"vc_column-inner\"><div class=\"wpb_wrapper\"><script id='custom-style-69e1a5ef4353c' type='text\/javascript'>(function($) {$(document).ready(function() {$(\"head\").append(\"<style>#heading-69e1a5ef43536{font-size: 60px;color: #6c320a;line-height: 1.5em;text-align: center;font-family:Roboto;font-weight:400;font-style:normal;text-transform: none;letter-spacing: .1em}<\/style>\");});})(jQuery);<\/script><h2 id=\"heading-69e1a5ef43536\" class=\"vc_custom_heading bigtitle vc_custom_1619698381127\">Starponte, the label<\/h2><script id='custom-style-69e1a5ef43852' type='text\/javascript'>(function($) {$(document).ready(function() {$(\"head\").append(\"<style>#heading-69e1a5ef4384f{font-size: 23px;color: #333333;line-height: 1.5em;text-align: center;font-family:Roboto;font-weight:400;font-style:normal;text-transform: none;letter-spacing: .1em}<\/style>\");});})(jQuery);<\/script><div id=\"heading-69e1a5ef4384f\" class=\"vc_custom_heading miniheading vc_custom_1625144064802\">Delivered by AFNOR (Association Fran\u00e7aise de Normalisation \u2013 the French national organisation for standardisation), the Starponte label ensures the highest quality in its products. You can trust what\u2019s on your plate, knowing each of our eggs abide to strict food safety standards.<\/div><\/div><\/div><\/div><\/div><div class=\"vc_row-full-width vc_clearfix\"><\/div><div class=\"vc_row wpb_row vc_row-fluid home-grid-item vc_custom_1619700287241\"><div class=\"wpb_column vc_column_container vc_col-sm-4\"><div class=\"vc_column-inner vc_custom_1605603154834\"><div class=\"wpb_wrapper\">    <div class=\"text-wrapper icon_on_top_2 insight-icon-boxes\">\n\t\t            <div class=\"insight-icon-boxes--icon\"><img decoding=\"async\" src=\"https:\/\/starponte.com\/wp-content\/uploads\/2020\/11\/starponte-qualite-text-image.png\"\/><\/div>\n\t\t        <div class=\"insight-icon-boxes--inner\">\n\t\t\t<div class=\"insight-icon-boxes--title nd-font\">\t\t\tQuality\t\t\t<\/div>            <div class=\"insight-icon-boxes--content\">Confidently consume delicious, nutrient-rich, healthy eggs.<\/div>\n\t\t\t        <\/div>\n    <\/div>\n<\/div><\/div><\/div><div class=\"wpb_column vc_column_container vc_col-sm-4\"><div class=\"vc_column-inner vc_custom_1605603164922\"><div class=\"wpb_wrapper\">    <div class=\"text-wrapper icon_on_top_2 insight-icon-boxes\">\n\t\t            <div class=\"insight-icon-boxes--icon\"><img decoding=\"async\" src=\"https:\/\/starponte.com\/wp-content\/uploads\/2020\/11\/starponte-tracabilite-text-image.png\"\/><\/div>\n\t\t        <div class=\"insight-icon-boxes--inner\">\n\t\t\t<div class=\"insight-icon-boxes--title nd-font\">\t\t\tTraceability\t\t\t<\/div>            <div class=\"insight-icon-boxes--content\">More than a label, it brings structure and ensures our eggs\u2019 freshness on shelves.<\/div>\n\t\t\t<div class=\"insight-icon-boxes--link\"><a class=\"insight-btn alt\" href=\"https:\/\/starponte.com\/en\/nos-oeufs\/\" target=\"_self\" rel=\"\">KNOW MORE<\/a><\/div>        <\/div>\n    <\/div>\n<\/div><\/div><\/div><div class=\"wpb_column vc_column_container vc_col-sm-4\"><div class=\"vc_column-inner\"><div class=\"wpb_wrapper\">    <div class=\"text-wrapper icon_on_top_2 insight-icon-boxes\">\n\t\t            <div class=\"insight-icon-boxes--icon\"><img decoding=\"async\" src=\"https:\/\/starponte.com\/wp-content\/uploads\/2020\/11\/starponte-developpement-text-image.png\"\/><\/div>\n\t\t        <div class=\"insight-icon-boxes--inner\">\n\t\t\t<div class=\"insight-icon-boxes--title nd-font\">\t\t\tEnvironment-friendly\t\t\t<\/div>            <div class=\"insight-icon-boxes--content\">Recycling is present at every step to minimise our footprint.<\/div>\n\t\t\t        <\/div>\n    <\/div>\n<\/div><\/div><\/div><\/div><div data-vc-full-width=\"true\" data-vc-full-width-init=\"false\" class=\"vc_row wpb_row vc_row-fluid nos-oeuf-container-home vc_custom_1620048731900\"><div class=\"wpb_column vc_column_container vc_col-sm-12 vc_col-lg-offset-2 vc_col-lg-8 vc_col-md-offset-0 vc_col-md-12\"><div class=\"vc_column-inner vc_custom_1619684786557\"><div class=\"wpb_wrapper\"><script id='custom-style-69e1a5ef45a66' type='text\/javascript'>(function($) {$(document).ready(function() {$(\"head\").append(\"<style>#heading-69e1a5ef45a62{font-size: 60px;color: #6c320a;line-height: 1.5em;text-align: center;font-family:Roboto;font-weight:400;font-style:normal;text-transform: none;letter-spacing: .1em}<\/style>\");});})(jQuery);<\/script><h2 id=\"heading-69e1a5ef45a62\" class=\"vc_custom_heading bigtitle vc_custom_1619698408523\">Our eggs<\/h2><\/div><\/div><\/div><\/div><div class=\"vc_row-full-width vc_clearfix\"><\/div><div data-vc-full-width=\"true\" data-vc-full-width-init=\"false\" class=\"vc_row wpb_row vc_row-fluid nos-oeuf-container-home vc_custom_1620048605516 vc_row-has-fill\"><div class=\"wpb_column vc_column_container vc_col-sm-12 vc_col-lg-offset-1 vc_col-lg-10 vc_col-md-offset-0 vc_col-md-12\"><div class=\"vc_column-inner\"><div class=\"wpb_wrapper\"><script id='custom-style-69e1a5ef462a3' type='text\/javascript'>(function($) {$(document).ready(function() {$(\"head\").append(\"<style>#heading-69e1a5ef4629f{font-size: 20px;color: #333333;line-height: 1.5em;text-align: center;font-family:Roboto;font-weight:400;font-style:normal;text-transform: none;letter-spacing: .1em}<\/style>\");});})(jQuery);<\/script><div id=\"heading-69e1a5ef4629f\" class=\"vc_custom_heading miniheading vc_custom_1624950736460\">With our hens being fed a 100% natural diet, it\u2019s no wonder that their eggs are not only delicious but are above all filled with goodness and nutrients. Starponte eggs: enjoy delectable moments.<\/div><\/div><\/div><\/div><\/div><div class=\"vc_row-full-width vc_clearfix\"><\/div><div data-vc-full-width=\"true\" data-vc-full-width-init=\"false\" class=\"vc_row wpb_row vc_row-fluid relative-visible vc_custom_1607496669855 vc_row-has-fill\"><div class=\"static-visible wpb_column vc_column_container vc_col-sm-12\"><div class=\"vc_column-inner\"><div class=\"wpb_wrapper\"><div class=\"vc_row wpb_row vc_inner vc_row-fluid\"><div class=\"wpb_column vc_column_container vc_col-sm-12 vc_col-lg-offset-2 vc_col-lg-8\"><div class=\"vc_column-inner\"><div class=\"wpb_wrapper\"><script id='custom-style-69e1a5ef470e7' type='text\/javascript'>(function($) {$(document).ready(function() {$(\"head\").append(\"<style>#heading-69e1a5ef470e3{font-size: 60px;color: #6c320a;line-height: 1.5em;text-align: center;font-family:Roboto;font-weight:400;font-style:normal;text-transform: none;letter-spacing: .1em}<\/style>\");});})(jQuery);<\/script><h2 id=\"heading-69e1a5ef470e3\" class=\"vc_custom_heading bigtitle vc_custom_1619698416277\">Our Clients<\/h2><\/div><\/div><\/div><\/div><div class=\"vc_row wpb_row vc_inner vc_row-fluid vc_custom_1620048354247\"><div class=\"wpb_column vc_column_container vc_col-sm-3\"><div class=\"vc_column-inner\"><div class=\"wpb_wrapper\">\n\t<div  class=\"wpb_single_image wpb_content_element vc_align_left\">\n\t\t\n\t\t<figure class=\"wpb_wrapper vc_figure\">\n\t\t\t<div class=\"vc_single_image-wrapper   vc_box_border_grey\"><img decoding=\"async\" width=\"136\" height=\"137\" src=\"https:\/\/starponte.com\/wp-content\/uploads\/2021\/05\/Asset-3.png\" class=\"vc_single_image-img attachment-full\" alt=\"\" srcset=\"https:\/\/starponte.com\/wp-content\/uploads\/2021\/05\/Asset-3.png 136w, https:\/\/starponte.com\/wp-content\/uploads\/2021\/05\/Asset-3-12x12.png 12w, https:\/\/starponte.com\/wp-content\/uploads\/2021\/05\/Asset-3-80x80.png 80w, https:\/\/starponte.com\/wp-content\/uploads\/2021\/05\/Asset-3-1x1.png 1w, https:\/\/starponte.com\/wp-content\/uploads\/2021\/05\/Asset-3-100x100.png 100w\" sizes=\"(max-width: 136px) 100vw, 136px\" \/><\/div>\n\t\t<\/figure>\n\t<\/div>\n<\/div><\/div><\/div><div class=\"wpb_column vc_column_container vc_col-sm-3\"><div class=\"vc_column-inner\"><div class=\"wpb_wrapper\">\n\t<div  class=\"wpb_single_image wpb_content_element vc_align_left\">\n\t\t\n\t\t<figure class=\"wpb_wrapper vc_figure\">\n\t\t\t<div class=\"vc_single_image-wrapper   vc_box_border_grey\"><img decoding=\"async\" width=\"136\" height=\"137\" src=\"https:\/\/starponte.com\/wp-content\/uploads\/2021\/05\/Asset-4.png\" class=\"vc_single_image-img attachment-full\" alt=\"\" srcset=\"https:\/\/starponte.com\/wp-content\/uploads\/2021\/05\/Asset-4.png 136w, https:\/\/starponte.com\/wp-content\/uploads\/2021\/05\/Asset-4-12x12.png 12w, https:\/\/starponte.com\/wp-content\/uploads\/2021\/05\/Asset-4-80x80.png 80w, https:\/\/starponte.com\/wp-content\/uploads\/2021\/05\/Asset-4-1x1.png 1w, https:\/\/starponte.com\/wp-content\/uploads\/2021\/05\/Asset-4-100x100.png 100w\" sizes=\"(max-width: 136px) 100vw, 136px\" \/><\/div>\n\t\t<\/figure>\n\t<\/div>\n<\/div><\/div><\/div><div class=\"wpb_column vc_column_container vc_col-sm-3\"><div class=\"vc_column-inner\"><div class=\"wpb_wrapper\">\n\t<div  class=\"wpb_single_image wpb_content_element vc_align_left\">\n\t\t\n\t\t<figure class=\"wpb_wrapper vc_figure\">\n\t\t\t<div class=\"vc_single_image-wrapper   vc_box_border_grey\"><img decoding=\"async\" width=\"136\" height=\"137\" src=\"https:\/\/starponte.com\/wp-content\/uploads\/2021\/05\/Asset-5.png\" class=\"vc_single_image-img attachment-full\" alt=\"\" srcset=\"https:\/\/starponte.com\/wp-content\/uploads\/2021\/05\/Asset-5.png 136w, https:\/\/starponte.com\/wp-content\/uploads\/2021\/05\/Asset-5-12x12.png 12w, https:\/\/starponte.com\/wp-content\/uploads\/2021\/05\/Asset-5-80x80.png 80w, https:\/\/starponte.com\/wp-content\/uploads\/2021\/05\/Asset-5-1x1.png 1w, https:\/\/starponte.com\/wp-content\/uploads\/2021\/05\/Asset-5-100x100.png 100w\" sizes=\"(max-width: 136px) 100vw, 136px\" \/><\/div>\n\t\t<\/figure>\n\t<\/div>\n<\/div><\/div><\/div><div class=\"wpb_column vc_column_container vc_col-sm-3\"><div class=\"vc_column-inner\"><div class=\"wpb_wrapper\">\n\t<div  class=\"wpb_single_image wpb_content_element vc_align_left\">\n\t\t\n\t\t<figure class=\"wpb_wrapper vc_figure\">\n\t\t\t<div class=\"vc_single_image-wrapper   vc_box_border_grey\"><img loading=\"lazy\" decoding=\"async\" width=\"136\" height=\"137\" src=\"https:\/\/starponte.com\/wp-content\/uploads\/2021\/05\/Asset-1.png\" class=\"vc_single_image-img attachment-full\" alt=\"\" srcset=\"https:\/\/starponte.com\/wp-content\/uploads\/2021\/05\/Asset-1.png 136w, https:\/\/starponte.com\/wp-content\/uploads\/2021\/05\/Asset-1-12x12.png 12w, https:\/\/starponte.com\/wp-content\/uploads\/2021\/05\/Asset-1-80x80.png 80w, https:\/\/starponte.com\/wp-content\/uploads\/2021\/05\/Asset-1-1x1.png 1w, https:\/\/starponte.com\/wp-content\/uploads\/2021\/05\/Asset-1-100x100.png 100w\" sizes=\"(max-width: 136px) 100vw, 136px\" \/><\/div>\n\t\t<\/figure>\n\t<\/div>\n<\/div><\/div><\/div><\/div><div class=\"vc_row wpb_row vc_inner vc_row-fluid\"><div class=\"wpb_column vc_column_container vc_col-sm-3\"><div class=\"vc_column-inner\"><div class=\"wpb_wrapper\">\n\t<div  class=\"wpb_single_image wpb_content_element vc_align_left\">\n\t\t\n\t\t<figure class=\"wpb_wrapper vc_figure\">\n\t\t\t<div class=\"vc_single_image-wrapper   vc_box_border_grey\"><img loading=\"lazy\" decoding=\"async\" width=\"136\" height=\"137\" src=\"https:\/\/starponte.com\/wp-content\/uploads\/2021\/05\/Asset-2.png\" class=\"vc_single_image-img attachment-full\" alt=\"\" srcset=\"https:\/\/starponte.com\/wp-content\/uploads\/2021\/05\/Asset-2.png 136w, https:\/\/starponte.com\/wp-content\/uploads\/2021\/05\/Asset-2-12x12.png 12w, https:\/\/starponte.com\/wp-content\/uploads\/2021\/05\/Asset-2-80x80.png 80w, https:\/\/starponte.com\/wp-content\/uploads\/2021\/05\/Asset-2-1x1.png 1w, https:\/\/starponte.com\/wp-content\/uploads\/2021\/05\/Asset-2-100x100.png 100w\" sizes=\"(max-width: 136px) 100vw, 136px\" \/><\/div>\n\t\t<\/figure>\n\t<\/div>\n<\/div><\/div><\/div><div class=\"wpb_column vc_column_container vc_col-sm-3\"><div class=\"vc_column-inner\"><div class=\"wpb_wrapper\">\n\t<div  class=\"wpb_single_image wpb_content_element vc_align_left\">\n\t\t\n\t\t<figure class=\"wpb_wrapper vc_figure\">\n\t\t\t<div class=\"vc_single_image-wrapper   vc_box_border_grey\"><img loading=\"lazy\" decoding=\"async\" width=\"136\" height=\"137\" src=\"https:\/\/starponte.com\/wp-content\/uploads\/2021\/05\/Asset-12.png\" class=\"vc_single_image-img attachment-full\" alt=\"\" srcset=\"https:\/\/starponte.com\/wp-content\/uploads\/2021\/05\/Asset-12.png 136w, https:\/\/starponte.com\/wp-content\/uploads\/2021\/05\/Asset-12-12x12.png 12w, https:\/\/starponte.com\/wp-content\/uploads\/2021\/05\/Asset-12-80x80.png 80w, https:\/\/starponte.com\/wp-content\/uploads\/2021\/05\/Asset-12-1x1.png 1w, https:\/\/starponte.com\/wp-content\/uploads\/2021\/05\/Asset-12-100x100.png 100w\" sizes=\"(max-width: 136px) 100vw, 136px\" \/><\/div>\n\t\t<\/figure>\n\t<\/div>\n<\/div><\/div><\/div><div class=\"wpb_column vc_column_container vc_col-sm-3\"><div class=\"vc_column-inner\"><div class=\"wpb_wrapper\">\n\t<div  class=\"wpb_single_image wpb_content_element vc_align_left\">\n\t\t\n\t\t<figure class=\"wpb_wrapper vc_figure\">\n\t\t\t<div class=\"vc_single_image-wrapper   vc_box_border_grey\"><img loading=\"lazy\" decoding=\"async\" width=\"136\" height=\"137\" src=\"https:\/\/starponte.com\/wp-content\/uploads\/2021\/05\/Asset-13.png\" class=\"vc_single_image-img attachment-full\" alt=\"\" srcset=\"https:\/\/starponte.com\/wp-content\/uploads\/2021\/05\/Asset-13.png 136w, https:\/\/starponte.com\/wp-content\/uploads\/2021\/05\/Asset-13-12x12.png 12w, https:\/\/starponte.com\/wp-content\/uploads\/2021\/05\/Asset-13-80x80.png 80w, https:\/\/starponte.com\/wp-content\/uploads\/2021\/05\/Asset-13-1x1.png 1w, https:\/\/starponte.com\/wp-content\/uploads\/2021\/05\/Asset-13-100x100.png 100w\" sizes=\"(max-width: 136px) 100vw, 136px\" \/><\/div>\n\t\t<\/figure>\n\t<\/div>\n<\/div><\/div><\/div><div class=\"wpb_column vc_column_container vc_col-sm-3\"><div class=\"vc_column-inner\"><div class=\"wpb_wrapper\">\n\t<div  class=\"wpb_single_image wpb_content_element vc_align_left\">\n\t\t\n\t\t<figure class=\"wpb_wrapper vc_figure\">\n\t\t\t<div class=\"vc_single_image-wrapper   vc_box_border_grey\"><img loading=\"lazy\" decoding=\"async\" width=\"136\" height=\"137\" src=\"https:\/\/starponte.com\/wp-content\/uploads\/2021\/05\/Asset-11.png\" class=\"vc_single_image-img attachment-full\" alt=\"\" srcset=\"https:\/\/starponte.com\/wp-content\/uploads\/2021\/05\/Asset-11.png 136w, https:\/\/starponte.com\/wp-content\/uploads\/2021\/05\/Asset-11-12x12.png 12w, https:\/\/starponte.com\/wp-content\/uploads\/2021\/05\/Asset-11-80x80.png 80w, https:\/\/starponte.com\/wp-content\/uploads\/2021\/05\/Asset-11-1x1.png 1w, https:\/\/starponte.com\/wp-content\/uploads\/2021\/05\/Asset-11-100x100.png 100w\" sizes=\"(max-width: 136px) 100vw, 136px\" \/><\/div>\n\t\t<\/figure>\n\t<\/div>\n<\/div><\/div><\/div><\/div><div class=\"vc_row wpb_row vc_inner vc_row-fluid vc_custom_1619685868734\"><div class=\"wpb_column vc_column_container vc_col-sm-12 vc_col-lg-offset-2 vc_col-lg-8\"><div class=\"vc_column-inner\"><div class=\"wpb_wrapper\"><script id='custom-style-69e1a5ef4f0ce' type='text\/javascript'>(function($) {$(document).ready(function() {$(\"head\").append(\"<style>#heading-69e1a5ef4f0c9{font-size: 60px;color: #6c320a;line-height: 1.5em;text-align: center;font-family:Roboto;font-weight:400;font-style:normal;text-transform: none;letter-spacing: .1em}<\/style>\");});})(jQuery);<\/script><h2 id=\"heading-69e1a5ef4f0c9\" class=\"vc_custom_heading bigtitle vc_custom_1619698426502\">Our Recipes<\/h2><\/div><\/div><\/div><\/div><div id=\"recette\" class=\"vc_row wpb_row vc_inner vc_row-fluid\"><div class=\"wpb_column vc_column_container vc_col-sm-4\"><div class=\"vc_column-inner\"><div class=\"wpb_wrapper\">    <div class=\"icon_on_top_2 insight-icon-boxes\">\n\t\t            <div class=\"insight-icon-boxes--icon\"><img decoding=\"async\" src=\"https:\/\/starponte.com\/wp-content\/uploads\/2020\/11\/starponte-ile-flottante-image.png\"\/><\/div>\n\t\t        <div class=\"insight-icon-boxes--inner\">\n\t\t\t<div class=\"insight-icon-boxes--title nd-font\">\t\t\t\u00eele flottante\t\t\t<\/div>            <div class=\"insight-icon-boxes--content\"><\/div>\n\t\t\t<div class=\"insight-icon-boxes--link\"><a class=\"insight-btn alt\" href=\"https:\/\/starponte.com\/en\/ile-flottante-pistil-de-safran-et-creme-de-mandarine\/\" target=\"_self\" rel=\"\">SEE THE RECIPE<\/a><\/div>        <\/div>\n    <\/div>\n<\/div><\/div><\/div><div class=\"wpb_column vc_column_container vc_col-sm-4\"><div class=\"vc_column-inner\"><div class=\"wpb_wrapper\">    <div class=\"icon_on_top_2 insight-icon-boxes\">\n\t\t            <div class=\"insight-icon-boxes--icon\"><img decoding=\"async\" src=\"https:\/\/starponte.com\/wp-content\/uploads\/2020\/11\/starponte-feuilles-doeufs-image.png\"\/><\/div>\n\t\t        <div class=\"insight-icon-boxes--inner\">\n\t\t\t<div class=\"insight-icon-boxes--title nd-font\">\t\t\tfeuilles d\u2019oeufs au poisson sal\u00e9\t\t\t<\/div>            <div class=\"insight-icon-boxes--content\"><\/div>\n\t\t\t<div class=\"insight-icon-boxes--link\"><a class=\"insight-btn alt\" href=\"https:\/\/starponte.com\/en\/feuilles-doeufs-au-poisson-sale\/\" target=\"_self\" rel=\"\">SEE THE RECIPE<\/a><\/div>        <\/div>\n    <\/div>\n<\/div><\/div><\/div><div class=\"wpb_column vc_column_container vc_col-sm-4\"><div class=\"vc_column-inner\"><div class=\"wpb_wrapper\">    <div class=\"icon_on_top_2 insight-icon-boxes\">\n\t\t            <div class=\"insight-icon-boxes--icon\"><img decoding=\"async\" src=\"https:\/\/starponte.com\/wp-content\/uploads\/2020\/11\/starponte-oeuf-marbre-image.png\"\/><\/div>\n\t\t        <div class=\"insight-icon-boxes--inner\">\n\t\t\t<div class=\"insight-icon-boxes--title nd-font\">\t\t\toeuf marbr\u00e9 au moelleux de s\u00e9same\t\t\t<\/div>            <div class=\"insight-icon-boxes--content\"><\/div>\n\t\t\t<div class=\"insight-icon-boxes--link\"><a class=\"insight-btn alt\" href=\"https:\/\/starponte.com\/en\/oeuf-marbre-au-moelleux-de-sesame\/\" target=\"_self\" rel=\"\">SEE THE RECIPE<\/a><\/div>        <\/div>\n    <\/div>\n<\/div><\/div><\/div><\/div><\/div><\/div><\/div><\/div><div class=\"vc_row-full-width vc_clearfix\"><\/div>","protected":false},"excerpt":{"rendered":"Le label StarponteD\u00e9livr\u00e9 par AFNOR (Association Fran\u00e7aise de Normalisation), le label Starponte est un gage de haute qualit\u00e9. Il vous donne l\u2019assurance de consommer des \u0153ufs sains qui r\u00e9pondent \u00e0 des normes strictes de s\u00e9curit\u00e9 alimentaire. Qualit\u00e9 C\u2019est en toute confiance que vous consommez des \u0153ufs pleins de bienfaits. Tra\u00e7abilit\u00e9 Plus qu\u2019un label, c\u2019est aussi...","protected":false},"author":1,"featured_media":0,"parent":0,"menu_order":0,"comment_status":"closed","ping_status":"closed","template":"","meta":{"footnotes":""},"yoast_head":"<!-- This site is optimized with the Yoast SEO plugin v22.3 - https:\/\/yoast.com\/wordpress\/plugins\/seo\/ -->\n<title>Accueil-Bakery - Starponte<\/title>\n<meta name=\"robots\" content=\"index, follow, max-snippet:-1, max-image-preview:large, max-video-preview:-1\" \/>\n<link rel=\"canonical\" href=\"https:\/\/starponte.com\/en\/organie-shop\/\" \/>\n<meta property=\"og:locale\" content=\"en_US\" \/>\n<meta property=\"og:type\" content=\"article\" \/>\n<meta property=\"og:title\" content=\"Accueil-Bakery - Starponte\" \/>\n<meta property=\"og:url\" content=\"https:\/\/starponte.com\/en\/organie-shop\/\" \/>\n<meta property=\"og:site_name\" content=\"Starponte\" \/>\n<meta property=\"article:modified_time\" content=\"2024-03-21T08:06:58+00:00\" \/>\n<meta name=\"twitter:card\" content=\"summary_large_image\" \/>\n<meta name=\"twitter:label1\" content=\"Est. reading time\" \/>\n\t<meta name=\"twitter:data1\" content=\"6 minutes\" \/>\n<script type=\"application\/ld+json\" class=\"yoast-schema-graph\">{\"@context\":\"https:\/\/schema.org\",\"@graph\":[{\"@type\":\"WebPage\",\"@id\":\"https:\/\/starponte.com\/organie-shop\/\",\"url\":\"https:\/\/starponte.com\/organie-shop\/\",\"name\":\"Accueil-Bakery - Starponte\",\"isPartOf\":{\"@id\":\"https:\/\/starponte.com\/#website\"},\"datePublished\":\"2016-10-17T22:34:40+00:00\",\"dateModified\":\"2024-03-21T08:06:58+00:00\",\"breadcrumb\":{\"@id\":\"https:\/\/starponte.com\/organie-shop\/#breadcrumb\"},\"inLanguage\":\"en-US\",\"potentialAction\":[{\"@type\":\"ReadAction\",\"target\":[\"https:\/\/starponte.com\/organie-shop\/\"]}]},{\"@type\":\"BreadcrumbList\",\"@id\":\"https:\/\/starponte.com\/organie-shop\/#breadcrumb\",\"itemListElement\":[{\"@type\":\"ListItem\",\"position\":1,\"name\":\"Home\",\"item\":\"https:\/\/starponte.com\/\"},{\"@type\":\"ListItem\",\"position\":2,\"name\":\"Accueil-Bakery\"}]},{\"@type\":\"WebSite\",\"@id\":\"https:\/\/starponte.com\/#website\",\"url\":\"https:\/\/starponte.com\/\",\"name\":\"Starponte\",\"description\":\"Les Pondeuses Reunies\",\"potentialAction\":[{\"@type\":\"SearchAction\",\"target\":{\"@type\":\"EntryPoint\",\"urlTemplate\":\"https:\/\/starponte.com\/?s={search_term_string}\"},\"query-input\":\"required name=search_term_string\"}],\"inLanguage\":\"en-US\"}]}<\/script>\n<!-- \/ Yoast SEO plugin. -->","yoast_head_json":{"title":"Accueil-Bakery - Starponte","robots":{"index":"index","follow":"follow","max-snippet":"max-snippet:-1","max-image-preview":"max-image-preview:large","max-video-preview":"max-video-preview:-1"},"canonical":"https:\/\/starponte.com\/en\/organie-shop\/","og_locale":"en_US","og_type":"article","og_title":"Accueil-Bakery - Starponte","og_url":"https:\/\/starponte.com\/en\/organie-shop\/","og_site_name":"Starponte","article_modified_time":"2024-03-21T08:06:58+00:00","twitter_card":"summary_large_image","twitter_misc":{"Est. reading time":"6 minutes"},"schema":{"@context":"https:\/\/schema.org","@graph":[{"@type":"WebPage","@id":"https:\/\/starponte.com\/organie-shop\/","url":"https:\/\/starponte.com\/organie-shop\/","name":"Accueil-Bakery - Starponte","isPartOf":{"@id":"https:\/\/starponte.com\/#website"},"datePublished":"2016-10-17T22:34:40+00:00","dateModified":"2024-03-21T08:06:58+00:00","breadcrumb":{"@id":"https:\/\/starponte.com\/organie-shop\/#breadcrumb"},"inLanguage":"en-US","potentialAction":[{"@type":"ReadAction","target":["https:\/\/starponte.com\/organie-shop\/"]}]},{"@type":"BreadcrumbList","@id":"https:\/\/starponte.com\/organie-shop\/#breadcrumb","itemListElement":[{"@type":"ListItem","position":1,"name":"Home","item":"https:\/\/starponte.com\/"},{"@type":"ListItem","position":2,"name":"Accueil-Bakery"}]},{"@type":"WebSite","@id":"https:\/\/starponte.com\/#website","url":"https:\/\/starponte.com\/","name":"Starponte","description":"Les Pondeuses Reunies","potentialAction":[{"@type":"SearchAction","target":{"@type":"EntryPoint","urlTemplate":"https:\/\/starponte.com\/?s={search_term_string}"},"query-input":"required name=search_term_string"}],"inLanguage":"en-US"}]}},"_links":{"self":[{"href":"https:\/\/starponte.com\/en\/wp-json\/wp\/v2\/pages\/872"}],"collection":[{"href":"https:\/\/starponte.com\/en\/wp-json\/wp\/v2\/pages"}],"about":[{"href":"https:\/\/starponte.com\/en\/wp-json\/wp\/v2\/types\/page"}],"author":[{"embeddable":true,"href":"https:\/\/starponte.com\/en\/wp-json\/wp\/v2\/users\/1"}],"replies":[{"embeddable":true,"href":"https:\/\/starponte.com\/en\/wp-json\/wp\/v2\/comments?post=872"}],"version-history":[{"count":91,"href":"https:\/\/starponte.com\/en\/wp-json\/wp\/v2\/pages\/872\/revisions"}],"predecessor-version":[{"id":2587,"href":"https:\/\/starponte.com\/en\/wp-json\/wp\/v2\/pages\/872\/revisions\/2587"}],"wp:attachment":[{"href":"https:\/\/starponte.com\/en\/wp-json\/wp\/v2\/media?parent=872"}],"curies":[{"name":"wp","href":"https:\/\/api.w.org\/{rel}","templated":true}]}}