{"id":357,"date":"2016-11-02T07:50:14","date_gmt":"2016-11-02T07:50:14","guid":{"rendered":"https:\/\/starponte.com\/about-us-02\/"},"modified":"2024-03-21T12:03:37","modified_gmt":"2024-03-21T08:03:37","slug":"notre-label-2","status":"publish","type":"page","link":"https:\/\/starponte.com\/en\/notre-label-2\/","title":{"rendered":"Our label"},"content":{"rendered":"<div data-vc-full-width=\"true\" data-vc-full-width-init=\"false\" class=\"vc_row wpb_row vc_row-fluid notre-label-story-container vc_custom_1618915422664 vc_row-has-fill\"><div class=\"wpb_column vc_column_container vc_col-sm-12\"><div class=\"vc_column-inner\"><div class=\"wpb_wrapper\"><div class=\"vc_row wpb_row vc_inner vc_row-fluid notre-label-story-wrapper vc_custom_1618481382081 vc_row-has-fill\"><div class=\"wpb_column vc_column_container vc_col-sm-12\"><div class=\"vc_column-inner vc_custom_1478080472179\"><div class=\"wpb_wrapper\"><div class=\"starponte-message insight-our-story\">\n    <div class=\"title\">\n        <div class=\"main-title\">Our Story<\/div>\n        <div class=\"sub-title\"><\/div>\n    <\/div>\n    <div class=\"content\">\n\t\t<\/p>\n<h4>The Starponte label forms part of a renowned and trusted institution in the food processing industry: Livestock Feed Ltd (LFL).<\/h4>\n<p>Established since 1977, with an annual production of around 150,000 tons, LFL is a major player in the Indian Ocean and in East Africa.<br \/>\n150 000 tonnes.<\/p>\n<p>Having the support and professionalisation of small local egg producers at heart, it launched Les Pondeuses R\u00e9unies in 2017, an entity focusing on small family farms, overseeing the Starponte label.    <\/div>\n    <div class=\"author\">\n        <div class=\"signature\">\n            <img decoding=\"async\" src=\"\" alt=\"\"\/>\n        <\/div>\n        <div class=\"name\"><\/div>\n        <div class=\"tagline\"><\/div>\n    <\/div>\n<\/div>\n<\/div><\/div><\/div><\/div><\/div><\/div><\/div><\/div><div class=\"vc_row-full-width vc_clearfix\"><\/div><div data-vc-full-width=\"true\" data-vc-full-width-init=\"false\" class=\"vc_row wpb_row vc_row-fluid le-label-starponte-container vc_custom_1618484206469\"><div class=\"wpb_column vc_column_container vc_col-sm-12\"><div class=\"vc_column-inner vc_custom_1478069690708\"><div class=\"wpb_wrapper\"><div class=\"vc_row wpb_row vc_inner vc_row-fluid vc_custom_1619687903518\"><div class=\"wpb_column vc_column_container vc_col-sm-12 vc_col-lg-offset-2 vc_col-lg-8\"><div class=\"vc_column-inner\"><div class=\"wpb_wrapper\"><script id='custom-style-69d286a523959' type='text\/javascript'>(function($) {$(document).ready(function() {$(\"head\").append(\"<style>#heading-69d286a523950{font-size: 60px;color: #6c320a;line-height: 1.5em;text-align: center;font-family:Abril Fatface;font-weight:400;font-style:normal;text-transform: none;letter-spacing: .1em}<\/style>\");});})(jQuery);<\/script><h2 id=\"heading-69d286a523950\" class=\"vc_custom_heading bigtitle vc_custom_1619698965080\">Starponte, the label<\/h2><\/div><\/div><\/div><\/div><div class=\"vc_row wpb_row vc_inner vc_row-fluid\"><div class=\"wpb_column vc_column_container vc_col-sm-6\"><div class=\"vc_column-inner\"><div class=\"wpb_wrapper\">\n\t<div class=\"wpb_text_column wpb_content_element  subheading\" >\n\t\t<div class=\"wpb_wrapper\">\n\t\t\t<p>Starponte is a quality label delivered by AFNOR (Association Fran\u00e7aise de Normalisation \u2013 the French national organisation for standardisation).\nAFNOR ensures the optimum standards for our eggs in terms of quality, biosecurity, food safety and traceability.<\/p>\n\n\t\t<\/div>\n\t<\/div>\n\n\t<div class=\"wpb_text_column wpb_content_element  f23\" >\n\t\t<div class=\"wpb_wrapper\">\n\t\t\t<p>It\u2019s not only a guarantee for the consumer, we also put in place a structure to help and accompany the small family farms which are required<\/p>\n\n\t\t<\/div>\n\t<\/div>\n<\/div><\/div><\/div><div class=\"wpb_column vc_column_container vc_col-sm-6\"><div class=\"vc_column-inner\"><div class=\"wpb_wrapper\">\n\t<div class=\"wpb_text_column wpb_content_element  f23\" >\n\t\t<div class=\"wpb_wrapper\">\n\t\t\t<p>to comply to strict guidelines, including different services: technical, veterinary, training, marketing<\/p>\n<p>Adhering to the Starponte label goes beyond their own benefit though: it\u2019s also a chance for the egg producers to actively participate in the development of Mauritius\u2019 economy giving to Mauritians a taste of farm-fresh products.<\/p>\n\n\t\t<\/div>\n\t<\/div>\n\n\t<div  class=\"wpb_single_image wpb_content_element vc_align_center\">\n\t\t\n\t\t<figure class=\"wpb_wrapper vc_figure\">\n\t\t\t<div class=\"vc_single_image-wrapper   vc_box_border_grey\"><img decoding=\"async\" width=\"113\" height=\"43\" src=\"https:\/\/starponte.com\/wp-content\/uploads\/2021\/06\/logo-mobile-1.png\" class=\"vc_single_image-img attachment-full\" alt=\"\" srcset=\"https:\/\/starponte.com\/wp-content\/uploads\/2021\/06\/logo-mobile-1.png 113w, https:\/\/starponte.com\/wp-content\/uploads\/2021\/06\/logo-mobile-1-18x7.png 18w, https:\/\/starponte.com\/wp-content\/uploads\/2021\/06\/logo-mobile-1-1x1.png 1w\" sizes=\"(max-width: 113px) 100vw, 113px\" \/><\/div>\n\t\t<\/figure>\n\t<\/div>\n    <div class=\"insight-flower-button insight-align-center insight-flower-button-primary\">\n        <a href=\"https:\/\/www.afnor.org\/\" target=\" _blank\"\n           rel=\"\">\n\t\t\tKnow more        <\/a>\n    <\/div>\n<\/div><\/div><\/div><\/div><\/div><\/div><\/div><\/div><div class=\"vc_row-full-width vc_clearfix\"><\/div><div data-vc-full-width=\"true\" data-vc-full-width-init=\"false\" data-vc-stretch-content=\"true\" class=\"vc_row wpb_row vc_row-fluid plate-image vc_custom_1618557877116 vc_row-has-fill vc_row-no-padding\"><div class=\"wpb_column vc_column_container vc_col-sm-12\"><div class=\"vc_column-inner\"><div class=\"wpb_wrapper\"><div class=\"vc_empty_space\"   style=\"height: 243px\"><span class=\"vc_empty_space_inner\"><\/span><\/div><\/div><\/div><\/div><\/div><div class=\"vc_row-full-width vc_clearfix\"><\/div><div class=\"vc_row wpb_row vc_row-fluid vc_custom_1477649787805\"><div class=\"wpb_column vc_column_container vc_col-sm-6\"><div class=\"vc_column-inner vc_custom_1478069262820\"><div class=\"wpb_wrapper\">\n\t<div  class=\"wpb_single_image wpb_content_element vc_align_left\">\n\t\t\n\t\t<figure class=\"wpb_wrapper vc_figure\">\n\t\t\t<div class=\"vc_single_image-wrapper   vc_box_border_grey\"><img fetchpriority=\"high\" decoding=\"async\" width=\"641\" height=\"596\" src=\"https:\/\/starponte.com\/wp-content\/uploads\/2021\/04\/Asset-3-1.png\" class=\"vc_single_image-img attachment-full\" alt=\"\" srcset=\"https:\/\/starponte.com\/wp-content\/uploads\/2021\/04\/Asset-3-1.png 641w, https:\/\/starponte.com\/wp-content\/uploads\/2021\/04\/Asset-3-1-300x279.png 300w, https:\/\/starponte.com\/wp-content\/uploads\/2021\/04\/Asset-3-1-1x1.png 1w, https:\/\/starponte.com\/wp-content\/uploads\/2021\/04\/Asset-3-1-13x12.png 13w\" sizes=\"(max-width: 641px) 100vw, 641px\" \/><\/div>\n\t\t<\/figure>\n\t<\/div>\n\n\t<div class=\"wpb_text_column wpb_content_element  f23\" >\n\t\t<div class=\"wpb_wrapper\">\n\t\t\t<p><strong>And we\u2019ll let you in on our secret: <\/strong> happy hens on a super wholesome diet. By this, we mean no animal product \u2013 only thyme and rosemary essential oils for a healthy gut, and clean, natural ingredients.<\/p>\n<p><strong>Our Starponte eggs are also dated with the laying date and ensure full traceability.<\/strong><\/p>\n\n\t\t<\/div>\n\t<\/div>\n<\/div><\/div><\/div><div class=\"wpb_column vc_column_container vc_col-sm-6\"><div class=\"vc_column-inner vc_custom_1605519449331\"><div class=\"wpb_wrapper\"><div class=\"yellow-title vc_custom_1624951459427 text-left insight-title text-uppercase font-primary font-40 ofw-900 ofs-normal\">\n    <h2 class=\"main-title\"><\/h2>\n\t        <div class=\"sub-title primary-color\">\n\t\t\tCreamy, vibrant and decadently rich\u2026 Definitely more than just any other egg, Starponte is a moment of delight.        <\/div>\n\t<\/div>\n\n\t<div  class=\"wpb_single_image wpb_content_element vc_align_left\">\n\t\t\n\t\t<figure class=\"wpb_wrapper vc_figure\">\n\t\t\t<div class=\"vc_single_image-wrapper   vc_box_border_grey\"><img decoding=\"async\" width=\"502\" height=\"531\" src=\"https:\/\/starponte.com\/wp-content\/uploads\/2021\/04\/Asset-4-1.png\" class=\"vc_single_image-img attachment-full\" alt=\"\" srcset=\"https:\/\/starponte.com\/wp-content\/uploads\/2021\/04\/Asset-4-1.png 502w, https:\/\/starponte.com\/wp-content\/uploads\/2021\/04\/Asset-4-1-284x300.png 284w, https:\/\/starponte.com\/wp-content\/uploads\/2021\/04\/Asset-4-1-1x1.png 1w, https:\/\/starponte.com\/wp-content\/uploads\/2021\/04\/Asset-4-1-11x12.png 11w\" sizes=\"(max-width: 502px) 100vw, 502px\" \/><\/div>\n\t\t<\/figure>\n\t<\/div>\n<\/div><\/div><\/div><\/div>","protected":false},"excerpt":{"rendered":"Notre Histoire Derri\u00e8re le label Starponte se dresse une institution de confiance dans le milieu de l\u2019agroalimentaire : Livestock Feed Ltd (LFL). Cr\u00e9\u00e9 en 1977, LFL est un acteur cl\u00e9 du secteur dans toute la r\u00e9gion oc\u00e9an Indien et Afrique de l\u2019Est, et repr\u00e9sente une production annuelle avoisinant les 150 000 tonnes. En 2017, LFL...","protected":false},"author":1,"featured_media":0,"parent":0,"menu_order":0,"comment_status":"closed","ping_status":"closed","template":"","meta":{"footnotes":""},"yoast_head":"<!-- This site is optimized with the Yoast SEO plugin v22.3 - https:\/\/yoast.com\/wordpress\/plugins\/seo\/ -->\n<title>Notre Label - Starponte<\/title>\n<meta name=\"robots\" content=\"index, follow, max-snippet:-1, max-image-preview:large, max-video-preview:-1\" \/>\n<link rel=\"canonical\" href=\"https:\/\/starponte.com\/en\/notre-label-2\/\" \/>\n<meta property=\"og:locale\" content=\"en_US\" \/>\n<meta property=\"og:type\" content=\"article\" \/>\n<meta property=\"og:title\" content=\"Notre Label - Starponte\" \/>\n<meta property=\"og:url\" content=\"https:\/\/starponte.com\/en\/notre-label-2\/\" \/>\n<meta property=\"og:site_name\" content=\"Starponte\" \/>\n<meta property=\"article:modified_time\" content=\"2024-03-21T08:03:37+00:00\" \/>\n<meta name=\"twitter:card\" content=\"summary_large_image\" \/>\n<meta name=\"twitter:label1\" content=\"Est. reading time\" \/>\n\t<meta name=\"twitter:data1\" content=\"4 minutes\" \/>\n<script type=\"application\/ld+json\" class=\"yoast-schema-graph\">{\"@context\":\"https:\/\/schema.org\",\"@graph\":[{\"@type\":\"WebPage\",\"@id\":\"https:\/\/starponte.com\/notre-label-2\/\",\"url\":\"https:\/\/starponte.com\/notre-label-2\/\",\"name\":\"Notre Label - Starponte\",\"isPartOf\":{\"@id\":\"https:\/\/starponte.com\/#website\"},\"datePublished\":\"2016-11-02T07:50:14+00:00\",\"dateModified\":\"2024-03-21T08:03:37+00:00\",\"breadcrumb\":{\"@id\":\"https:\/\/starponte.com\/notre-label-2\/#breadcrumb\"},\"inLanguage\":\"en-US\",\"potentialAction\":[{\"@type\":\"ReadAction\",\"target\":[\"https:\/\/starponte.com\/notre-label-2\/\"]}]},{\"@type\":\"BreadcrumbList\",\"@id\":\"https:\/\/starponte.com\/notre-label-2\/#breadcrumb\",\"itemListElement\":[{\"@type\":\"ListItem\",\"position\":1,\"name\":\"Home\",\"item\":\"https:\/\/starponte.com\/\"},{\"@type\":\"ListItem\",\"position\":2,\"name\":\"Notre Label\"}]},{\"@type\":\"WebSite\",\"@id\":\"https:\/\/starponte.com\/#website\",\"url\":\"https:\/\/starponte.com\/\",\"name\":\"Starponte\",\"description\":\"Les Pondeuses Reunies\",\"potentialAction\":[{\"@type\":\"SearchAction\",\"target\":{\"@type\":\"EntryPoint\",\"urlTemplate\":\"https:\/\/starponte.com\/?s={search_term_string}\"},\"query-input\":\"required name=search_term_string\"}],\"inLanguage\":\"en-US\"}]}<\/script>\n<!-- \/ Yoast SEO plugin. -->","yoast_head_json":{"title":"Notre Label - Starponte","robots":{"index":"index","follow":"follow","max-snippet":"max-snippet:-1","max-image-preview":"max-image-preview:large","max-video-preview":"max-video-preview:-1"},"canonical":"https:\/\/starponte.com\/en\/notre-label-2\/","og_locale":"en_US","og_type":"article","og_title":"Notre Label - Starponte","og_url":"https:\/\/starponte.com\/en\/notre-label-2\/","og_site_name":"Starponte","article_modified_time":"2024-03-21T08:03:37+00:00","twitter_card":"summary_large_image","twitter_misc":{"Est. reading time":"4 minutes"},"schema":{"@context":"https:\/\/schema.org","@graph":[{"@type":"WebPage","@id":"https:\/\/starponte.com\/notre-label-2\/","url":"https:\/\/starponte.com\/notre-label-2\/","name":"Notre Label - Starponte","isPartOf":{"@id":"https:\/\/starponte.com\/#website"},"datePublished":"2016-11-02T07:50:14+00:00","dateModified":"2024-03-21T08:03:37+00:00","breadcrumb":{"@id":"https:\/\/starponte.com\/notre-label-2\/#breadcrumb"},"inLanguage":"en-US","potentialAction":[{"@type":"ReadAction","target":["https:\/\/starponte.com\/notre-label-2\/"]}]},{"@type":"BreadcrumbList","@id":"https:\/\/starponte.com\/notre-label-2\/#breadcrumb","itemListElement":[{"@type":"ListItem","position":1,"name":"Home","item":"https:\/\/starponte.com\/"},{"@type":"ListItem","position":2,"name":"Notre Label"}]},{"@type":"WebSite","@id":"https:\/\/starponte.com\/#website","url":"https:\/\/starponte.com\/","name":"Starponte","description":"Les Pondeuses Reunies","potentialAction":[{"@type":"SearchAction","target":{"@type":"EntryPoint","urlTemplate":"https:\/\/starponte.com\/?s={search_term_string}"},"query-input":"required name=search_term_string"}],"inLanguage":"en-US"}]}},"_links":{"self":[{"href":"https:\/\/starponte.com\/en\/wp-json\/wp\/v2\/pages\/357"}],"collection":[{"href":"https:\/\/starponte.com\/en\/wp-json\/wp\/v2\/pages"}],"about":[{"href":"https:\/\/starponte.com\/en\/wp-json\/wp\/v2\/types\/page"}],"author":[{"embeddable":true,"href":"https:\/\/starponte.com\/en\/wp-json\/wp\/v2\/users\/1"}],"replies":[{"embeddable":true,"href":"https:\/\/starponte.com\/en\/wp-json\/wp\/v2\/comments?post=357"}],"version-history":[{"count":55,"href":"https:\/\/starponte.com\/en\/wp-json\/wp\/v2\/pages\/357\/revisions"}],"predecessor-version":[{"id":2195,"href":"https:\/\/starponte.com\/en\/wp-json\/wp\/v2\/pages\/357\/revisions\/2195"}],"wp:attachment":[{"href":"https:\/\/starponte.com\/en\/wp-json\/wp\/v2\/media?parent=357"}],"curies":[{"name":"wp","href":"https:\/\/api.w.org\/{rel}","templated":true}]}}