{"id":2283,"date":"2024-03-19T12:51:02","date_gmt":"2024-03-19T08:51:02","guid":{"rendered":"https:\/\/starponte.com\/?page_id=2283"},"modified":"2024-03-21T12:03:40","modified_gmt":"2024-03-21T08:03:40","slug":"notre-label","status":"publish","type":"page","link":"https:\/\/starponte.com\/en\/notre-label\/","title":{"rendered":"Our label"},"content":{"rendered":"<div data-elementor-type=\"wp-page\" data-elementor-id=\"2283\" class=\"elementor elementor-2283\" data-elementor-post-type=\"page\">\n\t\t\t\t<div class=\"elementor-element elementor-element-2103a88 e-con-full e-flex e-con e-parent\" data-id=\"2103a88\" data-element_type=\"container\" data-core-v316-plus=\"true\">\n\t\t\t\t<div class=\"elementor-element elementor-element-aabcfa6 heading elementor-widget elementor-widget-image\" data-id=\"aabcfa6\" data-element_type=\"widget\" data-widget_type=\"image.default\">\n\t\t\t\t<div class=\"elementor-widget-container\">\n\t\t\t\t\t\t\t\t\t\t\t\t\t<img fetchpriority=\"high\" decoding=\"async\" width=\"1920\" height=\"377\" src=\"https:\/\/starponte.com\/wp-content\/uploads\/2013\/06\/starponte-title-banner_en.jpg\" class=\"attachment-full size-full wp-image-2292\" alt=\"\" srcset=\"https:\/\/starponte.com\/wp-content\/uploads\/2013\/06\/starponte-title-banner_en.jpg 1920w, https:\/\/starponte.com\/wp-content\/uploads\/2013\/06\/starponte-title-banner_en-300x59.jpg 300w, https:\/\/starponte.com\/wp-content\/uploads\/2013\/06\/starponte-title-banner_en-1024x201.jpg 1024w, https:\/\/starponte.com\/wp-content\/uploads\/2013\/06\/starponte-title-banner_en-768x151.jpg 768w, https:\/\/starponte.com\/wp-content\/uploads\/2013\/06\/starponte-title-banner_en-1536x302.jpg 1536w, https:\/\/starponte.com\/wp-content\/uploads\/2013\/06\/starponte-title-banner_en-18x4.webp 18w, https:\/\/starponte.com\/wp-content\/uploads\/2013\/06\/starponte-title-banner_en-1x1.jpg 1w\" sizes=\"(max-width: 1920px) 100vw, 1920px\" \/>\t\t\t\t\t\t\t\t\t\t\t\t\t<\/div>\n\t\t\t\t<\/div>\n\t\t\t\t<\/div>\n\t\t<div class=\"elementor-element elementor-element-36f4e2e e-flex e-con-boxed e-con e-parent\" data-id=\"36f4e2e\" data-element_type=\"container\" data-settings=\"{&quot;background_background&quot;:&quot;classic&quot;}\" data-core-v316-plus=\"true\">\n\t\t\t\t\t<div class=\"e-con-inner\">\n\t\t\t\t<div class=\"elementor-element elementor-element-d45abd1 bigtitle-title elementor-widget elementor-widget-heading\" data-id=\"d45abd1\" data-element_type=\"widget\" data-widget_type=\"heading.default\">\n\t\t\t\t<div class=\"elementor-widget-container\">\n\t\t\t<h2 class=\"elementor-heading-title elementor-size-default\">Our Story\n<\/h2>\t\t<\/div>\n\t\t\t\t<\/div>\n\t\t\t\t<div class=\"elementor-element elementor-element-974263a heading elementor-widget elementor-widget-heading\" data-id=\"974263a\" data-element_type=\"widget\" data-widget_type=\"heading.default\">\n\t\t\t\t<div class=\"elementor-widget-container\">\n\t\t\t<h4 class=\"elementor-heading-title elementor-size-default\">The Starponte label forms part of a renowned and trusted institution in the food processing industry: Livestock Feed Ltd (LFL).\n<\/h4>\t\t<\/div>\n\t\t\t\t<\/div>\n\t\t\t\t<div class=\"elementor-element elementor-element-fd488af yellow-desc elementor-widget elementor-widget-text-editor\" data-id=\"fd488af\" data-element_type=\"widget\" data-widget_type=\"text-editor.default\">\n\t\t\t\t<div class=\"elementor-widget-container\">\n\t\t\t\t\t\t\t<p>Established since 1977, with an annual production of around 150,000 tons, LFL is a major player in the Indian Ocean and in East Africa.<\/p><p>Having the support and professionalisation of small local egg producers at heart, it launched Les Pondeuses R\u00e9unies in 2017, an entity focusing on small family farms, overseeing the Starponte label.<\/p>\t\t\t\t\t\t<\/div>\n\t\t\t\t<\/div>\n\t\t\t\t\t<\/div>\n\t\t\t\t<\/div>\n\t\t<div class=\"elementor-element elementor-element-e249aad e-flex e-con-boxed e-con e-parent\" data-id=\"e249aad\" data-element_type=\"container\" data-core-v316-plus=\"true\">\n\t\t\t\t\t<div class=\"e-con-inner\">\n\t\t\t\t<div class=\"elementor-element elementor-element-826209f bigtitle elementor-widget elementor-widget-heading\" data-id=\"826209f\" data-element_type=\"widget\" data-widget_type=\"heading.default\">\n\t\t\t\t<div class=\"elementor-widget-container\">\n\t\t\t<h2 class=\"elementor-heading-title elementor-size-default\">Starponte, the label\n<\/h2>\t\t<\/div>\n\t\t\t\t<\/div>\n\t\t<div class=\"elementor-element elementor-element-56f86f6 e-con-full e-flex e-con e-child\" data-id=\"56f86f6\" data-element_type=\"container\">\n\t\t<div class=\"elementor-element elementor-element-85dbafc e-flex e-con-boxed elementor-invisible e-con e-child\" data-id=\"85dbafc\" data-element_type=\"container\" data-settings=\"{&quot;animation&quot;:&quot;fadeInLeft&quot;}\">\n\t\t\t\t\t<div class=\"e-con-inner\">\n\t\t\t\t<div class=\"elementor-element elementor-element-be8cc4e elementor-widget elementor-widget-heading\" data-id=\"be8cc4e\" data-element_type=\"widget\" data-widget_type=\"heading.default\">\n\t\t\t\t<div class=\"elementor-widget-container\">\n\t\t\t<h3 class=\"elementor-heading-title elementor-size-default\">Starponte is a quality label  delivered by Socotec, an independent body in certification. Socotec ensures the optimum standards for our eggs in terms of quality, biosecurity, food safety and traceability.<\/h3>\t\t<\/div>\n\t\t\t\t<\/div>\n\t\t\t\t<div class=\"elementor-element elementor-element-9d9d366 elementor-widget elementor-widget-text-editor\" data-id=\"9d9d366\" data-element_type=\"widget\" data-widget_type=\"text-editor.default\">\n\t\t\t\t<div class=\"elementor-widget-container\">\n\t\t\t\t\t\t\t<p>It\u2019s not only a guarantee for the consumer, we also put in place a structure to help and accompany the small family farms which are required to comply to strict guidelines, including different services: technical, veterinary, training, marketing.<\/p>\t\t\t\t\t\t<\/div>\n\t\t\t\t<\/div>\n\t\t\t\t\t<\/div>\n\t\t\t\t<\/div>\n\t\t<div class=\"elementor-element elementor-element-2cfa60d e-con-full e-flex elementor-invisible e-con e-child\" data-id=\"2cfa60d\" data-element_type=\"container\" data-settings=\"{&quot;animation&quot;:&quot;fadeInRight&quot;}\">\n\t\t\t\t<div class=\"elementor-element elementor-element-6a94572 elementor-widget elementor-widget-text-editor\" data-id=\"6a94572\" data-element_type=\"widget\" data-widget_type=\"text-editor.default\">\n\t\t\t\t<div class=\"elementor-widget-container\">\n\t\t\t\t\t\t\t<p>Adhering to the Starponte label goes beyond their own benefit though: it\u2019s also a chance for the egg producers to actively participate in the development of Mauritius\u2019 economy giving to Mauritians a taste of farm-fresh products.<\/p>\t\t\t\t\t\t<\/div>\n\t\t\t\t<\/div>\n\t\t<div class=\"elementor-element elementor-element-0c20176 e-con-full e-flex e-con e-child\" data-id=\"0c20176\" data-element_type=\"container\">\n\t\t\t\t<div class=\"elementor-element elementor-element-683e0df elementor-widget elementor-widget-image\" data-id=\"683e0df\" data-element_type=\"widget\" data-widget_type=\"image.default\">\n\t\t\t\t<div class=\"elementor-widget-container\">\n\t\t\t\t\t\t\t\t\t\t\t\t\t<img decoding=\"async\" width=\"204\" height=\"192\" src=\"https:\/\/starponte.com\/wp-content\/uploads\/2024\/03\/socotec-logo.png\" class=\"attachment-large size-large wp-image-2294\" alt=\"\" srcset=\"https:\/\/starponte.com\/wp-content\/uploads\/2024\/03\/socotec-logo.png 204w, https:\/\/starponte.com\/wp-content\/uploads\/2024\/03\/socotec-logo-13x12.png 13w, https:\/\/starponte.com\/wp-content\/uploads\/2024\/03\/socotec-logo-1x1.png 1w\" sizes=\"(max-width: 204px) 100vw, 204px\" \/>\t\t\t\t\t\t\t\t\t\t\t\t\t<\/div>\n\t\t\t\t<\/div>\n\t\t\t\t<div class=\"elementor-element elementor-element-530fa69 elementor-widget elementor-widget-button\" data-id=\"530fa69\" data-element_type=\"widget\" data-widget_type=\"button.default\">\n\t\t\t\t<div class=\"elementor-widget-container\">\n\t\t\t\t\t<div class=\"elementor-button-wrapper\">\n\t\t\t<a class=\"elementor-button elementor-button-link elementor-size-sm\" href=\"https:\/\/www.socotec.com\/\" target=\"_blank\">\n\t\t\t\t\t\t<span class=\"elementor-button-content-wrapper\">\n\t\t\t\t\t\t<span class=\"elementor-button-text\">Know More<\/span>\n\t\t<\/span>\n\t\t\t\t\t<\/a>\n\t\t<\/div>\n\t\t\t\t<\/div>\n\t\t\t\t<\/div>\n\t\t\t\t<\/div>\n\t\t\t\t<\/div>\n\t\t\t\t<\/div>\n\t\t\t\t\t<\/div>\n\t\t\t\t<\/div>\n\t\t<div class=\"elementor-element elementor-element-7beedb8 e-con-full e-flex e-con e-parent\" data-id=\"7beedb8\" data-element_type=\"container\" data-core-v316-plus=\"true\">\n\t\t\t\t<div class=\"elementor-element elementor-element-b429146 elementor-widget elementor-widget-image\" data-id=\"b429146\" data-element_type=\"widget\" data-widget_type=\"image.default\">\n\t\t\t\t<div class=\"elementor-widget-container\">\n\t\t\t\t\t\t\t\t\t\t\t\t\t<img decoding=\"async\" width=\"1406\" height=\"234\" src=\"https:\/\/starponte.com\/wp-content\/uploads\/2024\/03\/starponte-le-label-asset.png\" class=\"attachment-full size-full wp-image-2288\" alt=\"\" srcset=\"https:\/\/starponte.com\/wp-content\/uploads\/2024\/03\/starponte-le-label-asset.png 1406w, https:\/\/starponte.com\/wp-content\/uploads\/2024\/03\/starponte-le-label-asset-300x50.png 300w, https:\/\/starponte.com\/wp-content\/uploads\/2024\/03\/starponte-le-label-asset-1024x170.png 1024w, https:\/\/starponte.com\/wp-content\/uploads\/2024\/03\/starponte-le-label-asset-768x128.png 768w, https:\/\/starponte.com\/wp-content\/uploads\/2024\/03\/starponte-le-label-asset-18x3.png 18w, https:\/\/starponte.com\/wp-content\/uploads\/2024\/03\/starponte-le-label-asset-1x1.png 1w\" sizes=\"(max-width: 1406px) 100vw, 1406px\" \/>\t\t\t\t\t\t\t\t\t\t\t\t\t<\/div>\n\t\t\t\t<\/div>\n\t\t\t\t<\/div>\n\t\t<div class=\"elementor-element elementor-element-68af34c e-flex e-con-boxed e-con e-parent\" data-id=\"68af34c\" data-element_type=\"container\" data-core-v316-plus=\"true\">\n\t\t\t\t\t<div class=\"e-con-inner\">\n\t\t<div class=\"elementor-element elementor-element-c130509 e-flex e-con-boxed e-con e-child\" data-id=\"c130509\" data-element_type=\"container\">\n\t\t\t\t\t<div class=\"e-con-inner\">\n\t\t\t\t<div class=\"elementor-element elementor-element-c7555b3 elementor-invisible elementor-widget elementor-widget-image\" data-id=\"c7555b3\" data-element_type=\"widget\" data-settings=\"{&quot;_animation&quot;:&quot;fadeInLeft&quot;}\" data-widget_type=\"image.default\">\n\t\t\t\t<div class=\"elementor-widget-container\">\n\t\t\t\t\t\t\t\t\t\t\t\t\t<img loading=\"lazy\" decoding=\"async\" width=\"641\" height=\"596\" src=\"https:\/\/starponte.com\/wp-content\/uploads\/2024\/03\/Our-starponte-eggs.png\" class=\"attachment-full size-full wp-image-2289\" alt=\"\" srcset=\"https:\/\/starponte.com\/wp-content\/uploads\/2024\/03\/Our-starponte-eggs.png 641w, https:\/\/starponte.com\/wp-content\/uploads\/2024\/03\/Our-starponte-eggs-300x279.png 300w, https:\/\/starponte.com\/wp-content\/uploads\/2024\/03\/Our-starponte-eggs-13x12.png 13w, https:\/\/starponte.com\/wp-content\/uploads\/2024\/03\/Our-starponte-eggs-1x1.png 1w\" sizes=\"(max-width: 641px) 100vw, 641px\" \/>\t\t\t\t\t\t\t\t\t\t\t\t\t<\/div>\n\t\t\t\t<\/div>\n\t\t<div class=\"elementor-element elementor-element-b0639b0 e-flex e-con-boxed elementor-invisible e-con e-child\" data-id=\"b0639b0\" data-element_type=\"container\" data-settings=\"{&quot;animation&quot;:&quot;fadeInLeft&quot;}\">\n\t\t\t\t\t<div class=\"e-con-inner\">\n\t\t\t\t<div class=\"elementor-element elementor-element-fd936aa elementor-widget elementor-widget-heading\" data-id=\"fd936aa\" data-element_type=\"widget\" data-widget_type=\"heading.default\">\n\t\t\t\t<div class=\"elementor-widget-container\">\n\t\t\t<h4 class=\"elementor-heading-title elementor-size-default\">And we\u2019ll let you in on our secret:\u00a0<\/h4>\t\t<\/div>\n\t\t\t\t<\/div>\n\t\t\t\t<div class=\"elementor-element elementor-element-b00931a elementor-widget elementor-widget-text-editor\" data-id=\"b00931a\" data-element_type=\"widget\" data-widget_type=\"text-editor.default\">\n\t\t\t\t<div class=\"elementor-widget-container\">\n\t\t\t\t\t\t\t<p>happy hens on a super wholesome diet. By this, we mean no animal product \u2013 only thyme and rosemary essential oils for a healthy gut, and clean, natural ingredients.<\/p>\t\t\t\t\t\t<\/div>\n\t\t\t\t<\/div>\n\t\t\t\t<div class=\"elementor-element elementor-element-9533cf8 elementor-widget elementor-widget-heading\" data-id=\"9533cf8\" data-element_type=\"widget\" data-widget_type=\"heading.default\">\n\t\t\t\t<div class=\"elementor-widget-container\">\n\t\t\t<h4 class=\"elementor-heading-title elementor-size-default\">Our Starponte eggs are also dated with the laying date and ensure full traceability.<\/h4>\t\t<\/div>\n\t\t\t\t<\/div>\n\t\t\t\t\t<\/div>\n\t\t\t\t<\/div>\n\t\t\t\t\t<\/div>\n\t\t\t\t<\/div>\n\t\t<div class=\"elementor-element elementor-element-d9c0fef e-con-full e-flex e-con e-child\" data-id=\"d9c0fef\" data-element_type=\"container\">\n\t\t\t\t<div class=\"elementor-element elementor-element-59a0189 yellow-title elementor-invisible elementor-widget elementor-widget-heading\" data-id=\"59a0189\" data-element_type=\"widget\" data-settings=\"{&quot;_animation&quot;:&quot;fadeInRight&quot;}\" data-widget_type=\"heading.default\">\n\t\t\t\t<div class=\"elementor-widget-container\">\n\t\t\t<h3 class=\"elementor-heading-title elementor-size-default\">Creamy, vibrant and decadently rich\u2026 Definitely more than just any other egg, Starponte is a moment of delight.<\/h3>\t\t<\/div>\n\t\t\t\t<\/div>\n\t\t\t\t<div class=\"elementor-element elementor-element-3291799 elementor-invisible elementor-widget elementor-widget-image\" data-id=\"3291799\" data-element_type=\"widget\" data-settings=\"{&quot;_animation&quot;:&quot;fadeInRight&quot;}\" data-widget_type=\"image.default\">\n\t\t\t\t<div class=\"elementor-widget-container\">\n\t\t\t\t\t\t\t\t\t\t\t\t\t<img loading=\"lazy\" decoding=\"async\" width=\"502\" height=\"531\" src=\"https:\/\/starponte.com\/wp-content\/uploads\/2024\/03\/starponte-nos-oeuf-salad-assets.png\" class=\"attachment-full size-full wp-image-2290\" alt=\"\" srcset=\"https:\/\/starponte.com\/wp-content\/uploads\/2024\/03\/starponte-nos-oeuf-salad-assets.png 502w, https:\/\/starponte.com\/wp-content\/uploads\/2024\/03\/starponte-nos-oeuf-salad-assets-284x300.png 284w, https:\/\/starponte.com\/wp-content\/uploads\/2024\/03\/starponte-nos-oeuf-salad-assets-11x12.png 11w, https:\/\/starponte.com\/wp-content\/uploads\/2024\/03\/starponte-nos-oeuf-salad-assets-1x1.png 1w\" sizes=\"(max-width: 502px) 100vw, 502px\" \/>\t\t\t\t\t\t\t\t\t\t\t\t\t<\/div>\n\t\t\t\t<\/div>\n\t\t\t\t<\/div>\n\t\t\t\t\t<\/div>\n\t\t\t\t<\/div>\n\t\t\t\t<\/div>","protected":false},"excerpt":{"rendered":"<p>Notre Histoire Derri\u00e8re le label Starponte se dresse une institution de confiance dans le milieu de l\u2019agroalimentaire : Livestock Feed Ltd (LFL). Cr\u00e9\u00e9 en 1977, LFL est un acteur cl\u00e9 du secteur dans toute la r\u00e9gion oc\u00e9an Indien et Afrique de l\u2019Est, et repr\u00e9sente une production annuelle avoisinant les 150 000 tonnes. En 2017, LFL&#8230;<\/p>","protected":false},"author":1,"featured_media":0,"parent":0,"menu_order":0,"comment_status":"closed","ping_status":"closed","template":"elementor_header_footer","meta":{"footnotes":""},"yoast_head":"<!-- This site is optimized with the Yoast SEO plugin v22.3 - https:\/\/yoast.com\/wordpress\/plugins\/seo\/ -->\n<title>Notre Label - Starponte<\/title>\n<meta name=\"robots\" content=\"index, follow, max-snippet:-1, max-image-preview:large, max-video-preview:-1\" \/>\n<link rel=\"canonical\" href=\"https:\/\/starponte.com\/en\/notre-label\/\" \/>\n<meta property=\"og:locale\" content=\"en_US\" \/>\n<meta property=\"og:type\" content=\"article\" \/>\n<meta property=\"og:title\" content=\"Notre Label - Starponte\" \/>\n<meta property=\"og:description\" content=\"Notre Histoire Derri\u00e8re le label Starponte se dresse une institution de confiance dans le milieu de l\u2019agroalimentaire : Livestock Feed Ltd (LFL). Cr\u00e9\u00e9 en 1977, LFL est un acteur cl\u00e9 du secteur dans toute la r\u00e9gion oc\u00e9an Indien et Afrique de l\u2019Est, et repr\u00e9sente une production annuelle avoisinant les 150 000 tonnes. En 2017, LFL...\" \/>\n<meta property=\"og:url\" content=\"https:\/\/starponte.com\/en\/notre-label\/\" \/>\n<meta property=\"og:site_name\" content=\"Starponte\" \/>\n<meta property=\"article:modified_time\" content=\"2024-03-21T08:03:40+00:00\" \/>\n<meta property=\"og:image\" content=\"https:\/\/starponte.com\/wp-content\/uploads\/2024\/03\/starponte-notre-label-title-banner-jpg.webp\" \/>\n<meta name=\"twitter:card\" content=\"summary_large_image\" \/>\n<meta name=\"twitter:label1\" content=\"Est. reading time\" \/>\n\t<meta name=\"twitter:data1\" content=\"3 minutes\" \/>\n<script type=\"application\/ld+json\" class=\"yoast-schema-graph\">{\"@context\":\"https:\/\/schema.org\",\"@graph\":[{\"@type\":\"WebPage\",\"@id\":\"https:\/\/starponte.com\/notre-label\/\",\"url\":\"https:\/\/starponte.com\/notre-label\/\",\"name\":\"Notre Label - Starponte\",\"isPartOf\":{\"@id\":\"https:\/\/starponte.com\/#website\"},\"primaryImageOfPage\":{\"@id\":\"https:\/\/starponte.com\/notre-label\/#primaryimage\"},\"image\":{\"@id\":\"https:\/\/starponte.com\/notre-label\/#primaryimage\"},\"thumbnailUrl\":\"https:\/\/starponte.com\/wp-content\/uploads\/2024\/03\/starponte-notre-label-title-banner-jpg.webp\",\"datePublished\":\"2024-03-19T08:51:02+00:00\",\"dateModified\":\"2024-03-21T08:03:40+00:00\",\"breadcrumb\":{\"@id\":\"https:\/\/starponte.com\/notre-label\/#breadcrumb\"},\"inLanguage\":\"en-US\",\"potentialAction\":[{\"@type\":\"ReadAction\",\"target\":[\"https:\/\/starponte.com\/notre-label\/\"]}]},{\"@type\":\"ImageObject\",\"inLanguage\":\"en-US\",\"@id\":\"https:\/\/starponte.com\/notre-label\/#primaryimage\",\"url\":\"https:\/\/starponte.com\/wp-content\/uploads\/2024\/03\/starponte-notre-label-title-banner-jpg.webp\",\"contentUrl\":\"https:\/\/starponte.com\/wp-content\/uploads\/2024\/03\/starponte-notre-label-title-banner-jpg.webp\",\"width\":1920,\"height\":377},{\"@type\":\"BreadcrumbList\",\"@id\":\"https:\/\/starponte.com\/notre-label\/#breadcrumb\",\"itemListElement\":[{\"@type\":\"ListItem\",\"position\":1,\"name\":\"Home\",\"item\":\"https:\/\/starponte.com\/\"},{\"@type\":\"ListItem\",\"position\":2,\"name\":\"Notre Label\"}]},{\"@type\":\"WebSite\",\"@id\":\"https:\/\/starponte.com\/#website\",\"url\":\"https:\/\/starponte.com\/\",\"name\":\"Starponte\",\"description\":\"Les Pondeuses Reunies\",\"potentialAction\":[{\"@type\":\"SearchAction\",\"target\":{\"@type\":\"EntryPoint\",\"urlTemplate\":\"https:\/\/starponte.com\/?s={search_term_string}\"},\"query-input\":\"required name=search_term_string\"}],\"inLanguage\":\"en-US\"}]}<\/script>\n<!-- \/ Yoast SEO plugin. -->","yoast_head_json":{"title":"Notre Label - Starponte","robots":{"index":"index","follow":"follow","max-snippet":"max-snippet:-1","max-image-preview":"max-image-preview:large","max-video-preview":"max-video-preview:-1"},"canonical":"https:\/\/starponte.com\/en\/notre-label\/","og_locale":"en_US","og_type":"article","og_title":"Notre Label - Starponte","og_description":"Notre Histoire Derri\u00e8re le label Starponte se dresse une institution de confiance dans le milieu de l\u2019agroalimentaire : Livestock Feed Ltd (LFL). Cr\u00e9\u00e9 en 1977, LFL est un acteur cl\u00e9 du secteur dans toute la r\u00e9gion oc\u00e9an Indien et Afrique de l\u2019Est, et repr\u00e9sente une production annuelle avoisinant les 150 000 tonnes. En 2017, LFL...","og_url":"https:\/\/starponte.com\/en\/notre-label\/","og_site_name":"Starponte","article_modified_time":"2024-03-21T08:03:40+00:00","og_image":[{"url":"https:\/\/starponte.com\/wp-content\/uploads\/2024\/03\/starponte-notre-label-title-banner-jpg.webp"}],"twitter_card":"summary_large_image","twitter_misc":{"Est. reading time":"3 minutes"},"schema":{"@context":"https:\/\/schema.org","@graph":[{"@type":"WebPage","@id":"https:\/\/starponte.com\/notre-label\/","url":"https:\/\/starponte.com\/notre-label\/","name":"Notre Label - Starponte","isPartOf":{"@id":"https:\/\/starponte.com\/#website"},"primaryImageOfPage":{"@id":"https:\/\/starponte.com\/notre-label\/#primaryimage"},"image":{"@id":"https:\/\/starponte.com\/notre-label\/#primaryimage"},"thumbnailUrl":"https:\/\/starponte.com\/wp-content\/uploads\/2024\/03\/starponte-notre-label-title-banner-jpg.webp","datePublished":"2024-03-19T08:51:02+00:00","dateModified":"2024-03-21T08:03:40+00:00","breadcrumb":{"@id":"https:\/\/starponte.com\/notre-label\/#breadcrumb"},"inLanguage":"en-US","potentialAction":[{"@type":"ReadAction","target":["https:\/\/starponte.com\/notre-label\/"]}]},{"@type":"ImageObject","inLanguage":"en-US","@id":"https:\/\/starponte.com\/notre-label\/#primaryimage","url":"https:\/\/starponte.com\/wp-content\/uploads\/2024\/03\/starponte-notre-label-title-banner-jpg.webp","contentUrl":"https:\/\/starponte.com\/wp-content\/uploads\/2024\/03\/starponte-notre-label-title-banner-jpg.webp","width":1920,"height":377},{"@type":"BreadcrumbList","@id":"https:\/\/starponte.com\/notre-label\/#breadcrumb","itemListElement":[{"@type":"ListItem","position":1,"name":"Home","item":"https:\/\/starponte.com\/"},{"@type":"ListItem","position":2,"name":"Notre Label"}]},{"@type":"WebSite","@id":"https:\/\/starponte.com\/#website","url":"https:\/\/starponte.com\/","name":"Starponte","description":"Les Pondeuses Reunies","potentialAction":[{"@type":"SearchAction","target":{"@type":"EntryPoint","urlTemplate":"https:\/\/starponte.com\/?s={search_term_string}"},"query-input":"required name=search_term_string"}],"inLanguage":"en-US"}]}},"_links":{"self":[{"href":"https:\/\/starponte.com\/en\/wp-json\/wp\/v2\/pages\/2283"}],"collection":[{"href":"https:\/\/starponte.com\/en\/wp-json\/wp\/v2\/pages"}],"about":[{"href":"https:\/\/starponte.com\/en\/wp-json\/wp\/v2\/types\/page"}],"author":[{"embeddable":true,"href":"https:\/\/starponte.com\/en\/wp-json\/wp\/v2\/users\/1"}],"replies":[{"embeddable":true,"href":"https:\/\/starponte.com\/en\/wp-json\/wp\/v2\/comments?post=2283"}],"version-history":[{"count":53,"href":"https:\/\/starponte.com\/en\/wp-json\/wp\/v2\/pages\/2283\/revisions"}],"predecessor-version":[{"id":2563,"href":"https:\/\/starponte.com\/en\/wp-json\/wp\/v2\/pages\/2283\/revisions\/2563"}],"wp:attachment":[{"href":"https:\/\/starponte.com\/en\/wp-json\/wp\/v2\/media?parent=2283"}],"curies":[{"name":"wp","href":"https:\/\/api.w.org\/{rel}","templated":true}]}}