{"id":1980,"date":"2021-04-21T17:04:03","date_gmt":"2021-04-21T13:04:03","guid":{"rendered":"https:\/\/starponte.com\/?page_id=1980"},"modified":"2021-04-28T14:31:28","modified_gmt":"2021-04-28T10:31:28","slug":"politique-de-confidentialite","status":"publish","type":"page","link":"https:\/\/starponte.com\/en\/politique-de-confidentialite\/","title":{"rendered":"Politique de Confidentialit\u00e9"},"content":{"rendered":"<h2 class=\"wp-block-heading\">Politique de Confidentialit\u00e9<\/h2>\n\n\n\n<p>1. Quand vous visitez notre site web, nous avons aussi la possibilit\u00e9 de recevoir vos donn\u00e9es personnelles, incluant&nbsp;: votre adresse IP, les navigateurs et syst\u00e8mes d\u2019exploitation utilis\u00e9s pour visiter notre site web, les pages de renvoi, les pages visit\u00e9es, votre g\u00e9olocalisation, des informations sur l\u2019appareil utilis\u00e9, les mots de recherche utilis\u00e9s, ainsi que l\u2019information des cookies. Afin de pouvoir les traiter, votre consentement est requis. Ces donn\u00e9es sont collect\u00e9es afin de&nbsp;:<\/p>\n\n\n\n<ol type=\"a\"><li>Analyser et am\u00e9liorer le contenu de notre site web, en d\u00e9terminant, par exemple, son contenu le plus populaire. Ces informations nous permettent ainsi de mieux comprendre les int\u00e9r\u00eats de nos clients, pour que nous puissions personnaliser le contenu. Ils nous permettent aussi de modifier notre site web afin de proposer une exp\u00e9rience plus enrichissante. Ainsi, ils nous aident \u00e0 d\u00e9lib\u00e9rer sur le format optimal du site web, en nous basant sur les appareils les plus utilis\u00e9s par les visiteurs&nbsp;;<\/li><li>Recueillir des informations sur l\u2019int\u00e9r\u00eat port\u00e9 \u00e0 nos divers produits, nous permettant de prendre des d\u00e9cisions plus judicieuses pour notre marque et nos clients&nbsp;;<\/li><li>Vous assurer une visite en toute s\u00e9curit\u00e9. Ces donn\u00e9es nous aident en effet \u00e0 tracer toute tentative de piratage et\/ou \u00e0 identifier les hackers qui trafiquent notre site web et\/ou syst\u00e8me informatique.<\/li><\/ol>\n\n\n\n<p>2. Soyez assur\u00e9 que nous ne m\u00e9nageons aucun effort pour prot\u00e9ger vos donn\u00e9es personnelles \u00e0 travers de stricts protocoles de s\u00e9curit\u00e9 et acc\u00e8s \u00e0 nos syst\u00e8mes et serveurs informatiques. Ce contr\u00f4le rigoureux est appliqu\u00e9 peu importe l\u2019acc\u00e8s, physique ou virtuel, \u00e0 nos banques de donn\u00e9es digitales.<\/p>\n\n\n\n<p>3. Nous ne partageons pas vos informations avec une tierce partie.<\/p>\n\n\n\n<p>4. Vos donn\u00e9es personnelles seront stock\u00e9es sur nos serveurs pour une dur\u00e9e maximale de 10 ans.<\/p>\n\n\n\n<p>5. Si vous n\u2019acceptez pas le traitement de vos donn\u00e9es personnelles, vous pouvez n\u00e9anmoins visiter notre site web normalement, sans aucune restriction. Nous effacerons r\u00e9guli\u00e8rement les informations de navigation des visiteurs n\u2019agr\u00e9ant pas au traitement de leur donn\u00e9es personnelles.<\/p>\n\n\n\n<p>6. Pour conclure, veuillez noter que vous avez le droit, \u00e0 n\u2019importe quel moment, de reprendre toute autorisation donn\u00e9e, de nous demander d\u2019acc\u00e9der, de rectifier, de restreindre ou d\u2019effacer vos donn\u00e9es personnelles que nous avons collect\u00e9es, ou d\u2019objecter \u00e0 leur traitement.<\/p>","protected":false},"excerpt":{"rendered":"<p>Politique de Confidentialit\u00e9 1. Quand vous visitez notre site web, nous avons aussi la possibilit\u00e9 de recevoir vos donn\u00e9es personnelles, incluant&nbsp;: votre adresse IP, les navigateurs et syst\u00e8mes d\u2019exploitation utilis\u00e9s pour visiter notre site web, les pages de renvoi, les pages visit\u00e9es, votre g\u00e9olocalisation, des informations sur l\u2019appareil utilis\u00e9, les mots de recherche utilis\u00e9s, ainsi&#8230;<\/p>","protected":false},"author":1,"featured_media":0,"parent":0,"menu_order":0,"comment_status":"closed","ping_status":"closed","template":"","meta":{"footnotes":""},"yoast_head":"<!-- This site is optimized with the Yoast SEO plugin v22.3 - https:\/\/yoast.com\/wordpress\/plugins\/seo\/ -->\n<title>Politique de Confidentialit\u00e9 - Starponte<\/title>\n<meta name=\"robots\" content=\"index, follow, max-snippet:-1, max-image-preview:large, max-video-preview:-1\" \/>\n<link rel=\"canonical\" href=\"https:\/\/starponte.com\/en\/politique-de-confidentialite\/\" \/>\n<meta property=\"og:locale\" content=\"en_US\" \/>\n<meta property=\"og:type\" content=\"article\" \/>\n<meta property=\"og:title\" content=\"Politique de Confidentialit\u00e9 - Starponte\" \/>\n<meta property=\"og:description\" content=\"Politique de Confidentialit\u00e9 1. Quand vous visitez notre site web, nous avons aussi la possibilit\u00e9 de recevoir vos donn\u00e9es personnelles, incluant&nbsp;: votre adresse IP, les navigateurs et syst\u00e8mes d\u2019exploitation utilis\u00e9s pour visiter notre site web, les pages de renvoi, les pages visit\u00e9es, votre g\u00e9olocalisation, des informations sur l\u2019appareil utilis\u00e9, les mots de recherche utilis\u00e9s, ainsi...\" \/>\n<meta property=\"og:url\" content=\"https:\/\/starponte.com\/en\/politique-de-confidentialite\/\" \/>\n<meta property=\"og:site_name\" content=\"Starponte\" \/>\n<meta property=\"article:modified_time\" content=\"2021-04-28T10:31:28+00:00\" \/>\n<meta name=\"twitter:card\" content=\"summary_large_image\" \/>\n<meta name=\"twitter:label1\" content=\"Est. reading time\" \/>\n\t<meta name=\"twitter:data1\" content=\"2 minutes\" \/>\n<script type=\"application\/ld+json\" class=\"yoast-schema-graph\">{\"@context\":\"https:\/\/schema.org\",\"@graph\":[{\"@type\":\"WebPage\",\"@id\":\"https:\/\/starponte.com\/politique-de-confidentialite\/\",\"url\":\"https:\/\/starponte.com\/politique-de-confidentialite\/\",\"name\":\"Politique de Confidentialit\u00e9 - Starponte\",\"isPartOf\":{\"@id\":\"https:\/\/starponte.com\/#website\"},\"datePublished\":\"2021-04-21T13:04:03+00:00\",\"dateModified\":\"2021-04-28T10:31:28+00:00\",\"breadcrumb\":{\"@id\":\"https:\/\/starponte.com\/politique-de-confidentialite\/#breadcrumb\"},\"inLanguage\":\"en-US\",\"potentialAction\":[{\"@type\":\"ReadAction\",\"target\":[\"https:\/\/starponte.com\/politique-de-confidentialite\/\"]}]},{\"@type\":\"BreadcrumbList\",\"@id\":\"https:\/\/starponte.com\/politique-de-confidentialite\/#breadcrumb\",\"itemListElement\":[{\"@type\":\"ListItem\",\"position\":1,\"name\":\"Home\",\"item\":\"https:\/\/starponte.com\/\"},{\"@type\":\"ListItem\",\"position\":2,\"name\":\"Politique de Confidentialit\u00e9\"}]},{\"@type\":\"WebSite\",\"@id\":\"https:\/\/starponte.com\/#website\",\"url\":\"https:\/\/starponte.com\/\",\"name\":\"Starponte\",\"description\":\"Les Pondeuses Reunies\",\"potentialAction\":[{\"@type\":\"SearchAction\",\"target\":{\"@type\":\"EntryPoint\",\"urlTemplate\":\"https:\/\/starponte.com\/?s={search_term_string}\"},\"query-input\":\"required name=search_term_string\"}],\"inLanguage\":\"en-US\"}]}<\/script>\n<!-- \/ Yoast SEO plugin. -->","yoast_head_json":{"title":"Politique de Confidentialit\u00e9 - Starponte","robots":{"index":"index","follow":"follow","max-snippet":"max-snippet:-1","max-image-preview":"max-image-preview:large","max-video-preview":"max-video-preview:-1"},"canonical":"https:\/\/starponte.com\/en\/politique-de-confidentialite\/","og_locale":"en_US","og_type":"article","og_title":"Politique de Confidentialit\u00e9 - Starponte","og_description":"Politique de Confidentialit\u00e9 1. Quand vous visitez notre site web, nous avons aussi la possibilit\u00e9 de recevoir vos donn\u00e9es personnelles, incluant&nbsp;: votre adresse IP, les navigateurs et syst\u00e8mes d\u2019exploitation utilis\u00e9s pour visiter notre site web, les pages de renvoi, les pages visit\u00e9es, votre g\u00e9olocalisation, des informations sur l\u2019appareil utilis\u00e9, les mots de recherche utilis\u00e9s, ainsi...","og_url":"https:\/\/starponte.com\/en\/politique-de-confidentialite\/","og_site_name":"Starponte","article_modified_time":"2021-04-28T10:31:28+00:00","twitter_card":"summary_large_image","twitter_misc":{"Est. reading time":"2 minutes"},"schema":{"@context":"https:\/\/schema.org","@graph":[{"@type":"WebPage","@id":"https:\/\/starponte.com\/politique-de-confidentialite\/","url":"https:\/\/starponte.com\/politique-de-confidentialite\/","name":"Politique de Confidentialit\u00e9 - Starponte","isPartOf":{"@id":"https:\/\/starponte.com\/#website"},"datePublished":"2021-04-21T13:04:03+00:00","dateModified":"2021-04-28T10:31:28+00:00","breadcrumb":{"@id":"https:\/\/starponte.com\/politique-de-confidentialite\/#breadcrumb"},"inLanguage":"en-US","potentialAction":[{"@type":"ReadAction","target":["https:\/\/starponte.com\/politique-de-confidentialite\/"]}]},{"@type":"BreadcrumbList","@id":"https:\/\/starponte.com\/politique-de-confidentialite\/#breadcrumb","itemListElement":[{"@type":"ListItem","position":1,"name":"Home","item":"https:\/\/starponte.com\/"},{"@type":"ListItem","position":2,"name":"Politique de Confidentialit\u00e9"}]},{"@type":"WebSite","@id":"https:\/\/starponte.com\/#website","url":"https:\/\/starponte.com\/","name":"Starponte","description":"Les Pondeuses Reunies","potentialAction":[{"@type":"SearchAction","target":{"@type":"EntryPoint","urlTemplate":"https:\/\/starponte.com\/?s={search_term_string}"},"query-input":"required name=search_term_string"}],"inLanguage":"en-US"}]}},"_links":{"self":[{"href":"https:\/\/starponte.com\/en\/wp-json\/wp\/v2\/pages\/1980"}],"collection":[{"href":"https:\/\/starponte.com\/en\/wp-json\/wp\/v2\/pages"}],"about":[{"href":"https:\/\/starponte.com\/en\/wp-json\/wp\/v2\/types\/page"}],"author":[{"embeddable":true,"href":"https:\/\/starponte.com\/en\/wp-json\/wp\/v2\/users\/1"}],"replies":[{"embeddable":true,"href":"https:\/\/starponte.com\/en\/wp-json\/wp\/v2\/comments?post=1980"}],"version-history":[{"count":4,"href":"https:\/\/starponte.com\/en\/wp-json\/wp\/v2\/pages\/1980\/revisions"}],"predecessor-version":[{"id":1987,"href":"https:\/\/starponte.com\/en\/wp-json\/wp\/v2\/pages\/1980\/revisions\/1987"}],"wp:attachment":[{"href":"https:\/\/starponte.com\/en\/wp-json\/wp\/v2\/media?parent=1980"}],"curies":[{"name":"wp","href":"https:\/\/api.w.org\/{rel}","templated":true}]}}