{"id":1887,"date":"2021-04-20T16:34:42","date_gmt":"2021-04-20T12:34:42","guid":{"rendered":"https:\/\/starponte.com\/?page_id=1887"},"modified":"2021-04-20T16:38:05","modified_gmt":"2021-04-20T12:38:05","slug":"pullets-rearing-commercial-layers-guide-2","status":"publish","type":"page","link":"https:\/\/starponte.com\/en\/pullets-rearing-commercial-layers-guide-2\/","title":{"rendered":"Pullets rearing &#038; commercial layers guide"},"content":{"rendered":"<div class=\"vc_row wpb_row vc_row-fluid vc_custom_1618920325481\"><div class=\"wpb_column vc_column_container vc_col-sm-12\"><div class=\"vc_column-inner\"><div class=\"wpb_wrapper\">\n\t<div class=\"wpb_raw_code wpb_content_element wpb_raw_html\" >\n\t\t<div class=\"wpb_wrapper\">\n\t\t\t<style type=\"text\/css\">\r\n\t\t#dae-shortcode1892-download-wrapper {\r\n\t\t\tbackground: url() !important;\r\n\t\t\tbackground-attachment: scroll !important;\r\n\t\t}\r\n\t\t#dae-shortcode1892-download-wrapper .dae-shortcode-download-file-image {\r\n\t\t\twidth: 80% !important;\r\n\t\t}\r\n\t\t#dae-shortcode1892-download-wrapper.dae-shortcode-download-wrapper-wide .dae-shortcode-download-file-image {\r\n\t\t\twidth: 40% !important;\r\n\t\t}\r\n\t\t#dae-shortcode1892-download-wrapper .dae-shortcode-download-title {\r\n\t\t\tfont-size: 40px !important;\r\n\t\t\tfont-family: MetroLiteLT, Helvetica, sans-serif !important;\r\n\t\t\tcolor: #000000 !important;\r\n\t\t}\r\n\t\t#dae-shortcode1892-download-wrapper .dae-shortcode-download-text {\r\n\t\t\tfont-size: 16px !important;\r\n\t\t\tfont-family: MetroLiteLT, Helvetica, sans-serif !important;\r\n\t\t\tcolor: #000000 !important;\r\n\t\t}\r\n\t\t#dae-shortcode1892-download-wrapper .dae-shortcode-download-text h1,\r\n\t\t#dae-shortcode1892-download-wrapper .dae-shortcode-download-text h2,\r\n\t\t#dae-shortcode1892-download-wrapper .dae-shortcode-download-text h3,\r\n\t\t#dae-shortcode1892-download-wrapper .dae-shortcode-download-text h4,\r\n\t\t#dae-shortcode1892-download-wrapper .dae-shortcode-download-text h5 {\r\n\t\t\tfont-family: MetroLiteLT, Helvetica, sans-serif !important;\r\n\t\t}\r\n\t\t#dae-shortcode1892-download-wrapper .dae-shortcode-download-button {\r\n\t\t\tcolor: #000000 !important;\r\n\t\t\tbackground: none !important;\r\n\t\t\tfont-size: 25px !important;\r\n\t\t\tfont-family: MetroLiteLT, Helvetica, sans-serif !important;\r\n\t\t\twidth: auto !important;\r\n\t\t\tpadding: 20px 8px !important;\r\n\t\t\tborder-color: #000000 !important;\r\n\t\t\tborder-radius: 10px !important;\r\n\t\t\t-moz-border-radius: 10px !important;\r\n\t\t\t-webkit-border-radius: 10px !important;\r\n\t\t}\r\n\t\t#dae-shortcode1892-download-wrapper .dae-shortcode-download-button:hover {\r\n\t\t\tcolor: #ffffff !important;\r\n\t\t\tbackground: #ffbb0a !important;\r\n\t\t\tborder-color: #ffbb0a !important;\r\n\t\t\tfont-size: 25px !important;\r\n\t\t\tfont-family: MetroLiteLT, Helvetica, sans-serif !important;\r\n\t\t\twidth: auto !important;\r\n\t\t\tpadding: 20px 8px !important;\r\n\t\t\tborder-radius: 10px !important;\r\n\t\t\t-moz-border-radius: 10px !important;\r\n\t\t\t-webkit-border-radius: 10px !important;\r\n\t\t}\r\n\t\t#dae-shortcode1892-download-wrapper .dae-shortcode-register-label {\r\n\t\t\tfont-size: 18px !important;\r\n\t\t\tfont-family: MetroLiteLT, Helvetica, sans-serif !important;\r\n\t\t\tcolor: #000000 !important;\r\n\t\t}\r\n\t\t#dae-shortcode1892-download-wrapper .dae-shortcode-register-icon {\r\n\t\t\theight: calc(45px + 4px) !important;\r\n\t\t\tfont-size: 15px !important;\r\n\t\t\tfont-family: MetroLiteLT, Helvetica, sans-serif !important;\r\n\t\t\tpadding: 15px !important;\r\n\t\t\tcolor: #ffffff !important;\r\n\t\t\tbackground: #000000 !important;\r\n\t\t\tborder-radius: 10px 0 0 10px !important;\r\n\t\t\t-moz-border-radius: 10px 0 0 10px !important;\r\n\t\t\t-webkit-border-radius: 10px 0 0 10px !important;\r\n\t\t}\r\n\t\t#dae-shortcode1892-download-wrapper .dae-shortcode-register-field {\r\n\t\t\theight: calc(45px + 4px) !important;\r\n\t\t\tfont-size: 15px !important;\r\n\t\t\tfont-family: MetroLiteLT, Helvetica, sans-serif !important;\r\n\t\t\tpadding: 15px !important;\r\n\t\t\tcolor: #000000 !important;\r\n\t\t\tbackground: #f9f9f9 !important;\r\n\t\t\tborder-radius: 0 10px 10px 0 !important;\r\n\t\t\t-moz-border-radius: 0 10px 10px 0 !important;\r\n\t\t\t-webkit-border-radius: 0 10px 10px 0 !important;\r\n\t\t}\r\n\t\t#dae-shortcode1892-download-wrapper .dae-shortcode-register-select-icon {\r\n\t\t\ttop: calc(50% - 7.5px) !important;\r\n\t\t\tright: 15px !important;\r\n\t\t\tfont-size: 15px !important;\r\n\t\t\tfont-family: MetroLiteLT, Helvetica, sans-serif !important;\r\n\t\t\tcolor: #000000 !important;\r\n\t\t}\r\n\t\t#dae-shortcode1892-download-wrapper .dae-shortcode-register-field::-webkit-input-placeholder,\r\n\t\t#dae-shortcode1892-download-wrapper .dae-shortcode-register-field::placeholder {\r\n\t\t\tcolor: #888888 !important;\r\n\t\t\tfont-family: MetroLiteLT, Helvetica, sans-serif !important;\r\n\t\t}\r\n\t\t#dae-shortcode1892-download-wrapper .dae-shortcode-register-field::-ms-input-placeholder {\r\n\t\t\tcolor: #888888 !important;\r\n\t\t\tfont-family: MetroLiteLT, Helvetica, sans-serif !important;\r\n\t\t}\r\n\t\t#dae-shortcode1892-download-wrapper .dae-shortcode-register-checkbox-text {\r\n\t\t\tcolor: #444444 !important;\r\n\t\t\tfont-size: 12px !important;\r\n\t\t\tfont-family: MetroLiteLT, Helvetica, sans-serif !important;\r\n\t\t}\r\n\t\t#dae-shortcode1892-download-wrapper .dae-shortcode-register-checkbox-text a {\r\n\t\t\tcolor: #000000 !important;\r\n\t\t}\r\n\t\t#dae-shortcode1892-download-wrapper .dae-shortcode-register-checkbox-text a:hover {\r\n\t\t\tcolor: #ffbb0a !important;\r\n\t\t}\r\n\t\t#dae-shortcode1892-download-wrapper .dae-shortcode-register-submit {\r\n\t\t\tcolor: #ffffff !important;\r\n\t\t\tfont-size: 18px !important;\r\n\t\t\tfont-family: MetroLiteLT, Helvetica, sans-serif !important;\r\n\t\t\tpadding: 18px !important;\r\n\t\t\tbackground: #000000 !important;\r\n\t\t\tborder-radius: 10px !important;\r\n\t\t\t-moz-border-radius: 10px !important;\r\n\t\t\t-webkit-border-radius: 10px !important;\r\n\t\t}\r\n\t\t#dae-shortcode1892-download-wrapper .dae-shortcode-register-submit:hover {\r\n\t\t\tcolor: #ffffff !important;\r\n\t\t\tbackground: #ffbb0a !important;\r\n\t\t\tfont-size: 18px !important;\r\n\t\t\tfont-family: MetroLiteLT, Helvetica, sans-serif !important;\r\n\t\t\tpadding: 18px !important;\r\n\t\t\tborder-radius: 10px !important;\r\n\t\t\t-moz-border-radius: 10px !important;\r\n\t\t\t-webkit-border-radius: 10px !important;\r\n\t\t}\r\n\t\t#dae-shortcode1892-download-wrapper .dae-shortcode-register-loading {\r\n\t\t\tcolor: #000000 !important;\r\n\t\t}\r\n\t\t#dae-shortcode1892-download-wrapper .dae-shortcode-register-message {\r\n\t\t\tfont-size: 16px !important;\r\n\t\t\tfont-family: MetroLiteLT, Helvetica, sans-serif !important;\r\n\t\t}\r\n\t\t#dae-shortcode1892-download-wrapper .dae-shortcode-register-error {\r\n\t\t\tcolor: #dd1111 !important;\r\n\t\t}\r\n\t\t#dae-shortcode1892-download-wrapper .dae-shortcode-register-success {\r\n\t\t\tcolor: #81d742 !important;\r\n\t\t}\r\n\t\t#dae-shortcode1892-download-wrapper .dae-shortcode-register-category-interests h4,\r\n\t\t#dae-shortcode1892-download-wrapper .dae-shortcode-register-input-wrap-interest label {\r\n\t\t\tfont-family: MetroLiteLT, Helvetica, sans-serif !important;\r\n\t\t}\r\n\t\t#dae-shortcode1892-download-wrapper {\r\n\t\t\talign-items: center !important;\r\n\t\t\t-webkit-align-items: center !important;\r\n\t\t\tjustify-content: flex-start !important;\r\n\t\t\t-webkit-justify-content: flex-start !important;\r\n\t\t\t-moz-justify-content: fle-start !important;\r\n\t\t}\r\n\t\t#dae-shortcode1892-download-wrapper .dae-shortcode-download-content-wrapper,\r\n\t\t#dae-shortcode1892-download-wrapper .dae-shortcode-download-title,\r\n\t\t#dae-shortcode1892-download-wrapper .dae-shortcode-download-text,\r\n\t\t#dae-shortcode1892-download-wrapper .dae-shortcode-register-wrapper p,\r\n\t\t#dae-shortcode1892-download-wrapper .dae-shortcode-register-category-interests-wrap {\r\n\t\t\ttext-align: center !important;\r\n\t\t}\r\n\t\t#dae-shortcode1892-download-wrapper .dae-shortcode-register-field-wrap {\r\n\t\t\tjustify-content: center !important;\r\n\t\t\t-webkit-justify-content: center !important;\r\n\t\t\t-moz-justify-content: center !important;\r\n\t\t}\r\n\t\t#dae-shortcode1892-download-wrapper .dae-shortcode-register-label,\r\n\t\t#dae-shortcode1892-download-wrapper .dae-shortcode-register-message,\r\n\t\t#dae-shortcode1892-download-wrapper .dae-shortcode-register-category-interests-wrap {\r\n\t\t\tmargin: 20px auto !important;\r\n\t\t}\r\n\t\t#dae-shortcode1892-download-wrapper.dae-shortcode-download-wrapper-wide {\r\n\t\t\talign-items: center !important;\r\n\t\t\t-webkit-align-items: center !important;\r\n\t\t\tjustify-content: center !important;\r\n\t\t\t-webkit-justify-content: center !important;\r\n\t\t\t-moz-justify-content: center !important;\r\n\t\t}\r\n\t\t#dae-shortcode1892-download-wrapper.dae-shortcode-download-wrapper-wide .dae-shortcode-download-content-wrapper,\r\n\t\t#dae-shortcode1892-download-wrapper.dae-shortcode-download-wrapper-wide .dae-shortcode-download-title,\r\n\t\t#dae-shortcode1892-download-wrapper.dae-shortcode-download-wrapper-wide .dae-shortcode-download-text,\r\n\t\t#dae-shortcode1892-download-wrapper.dae-shortcode-download-wrapper-wide .dae-shortcode-register-wrapper p,\r\n\t\t#dae-shortcode1892-download-wrapper.dae-shortcode-download-wrapper-wide .dae-shortcode-register-category-interests-wrap {\r\n\t\t\ttext-align: center !important;\r\n\t\t}\r\n\t\t#dae-shortcode1892-download-wrapper.dae-shortcode-download-wrapper-wide .dae-shortcode-register-field-wrap {\r\n\t\t\tjustify-content: center !important;\r\n\t\t\t-webkit-justify-content: center !important;\r\n\t\t\t-moz-justify-content: center !important;\r\n\t\t}\r\n\t\t#dae-shortcode1892-download-wrapper.dae-shortcode-download-wrapper-wide .dae-shortcode-register-label,\r\n\t\t#dae-shortcode1892-download-wrapper.dae-shortcode-download-wrapper-wide .dae-shortcode-register-message,\r\n\t\t#dae-shortcode1892-download-wrapper.dae-shortcode-download-wrapper-wide .dae-shortcode-register-category-interests-wrap {\r\n\t\t\tmargin: 20px auto !important;\r\n\t\t}\r\n\t<\/style>\r\n\t\t<div id=\"dae-shortcode1892-download-wrapper\" class=\"dae-shortcode-download-wrapper\">\r\n\t\t\t<img fetchpriority=\"high\" decoding=\"async\" class=\"dae-shortcode-download-file-image\" src=\"https:\/\/starponte.com\/wp-content\/uploads\/2013\/06\/brochure3.jpg\" width=\"283\" height=\"400\" \/>\r\n\t\t\t<div class=\"dae-shortcode-download-content-wrapper\">\r\n\t\t\t\t<h2 class=\"dae-shortcode-download-title\">Pullets rearing &amp; commercial layers guide<\/h2>\r\n\t\t\t\t\r\n\t\t\t\t<div class=\"dae-shortcode-download-button\">\r\n\t\t\t\t\t<span class=\"dae-shortcode-download-button-icon\"><i class=\"fas fa-download\"><\/i><\/span>\r\n\t\t\t\t\t<span class=\"dae-shortcode-download-button-text\">T\u00c9L\u00c9CHARGEMENT GRATUIT<\/span>\r\n\t\t\t\t<\/div>\r\n\t\t\t\t<div class=\"dae-shortcode-register-wrapper\">\r\n\t\t\t\t\t<p class=\"dae-shortcode-register-label\">Envoyer le lien de t\u00e9l\u00e9chargement \u00e0 :<\/p>\r\n\t\t\t\t\t<form class=\"dae-shortcode-register-form\" method=\"post\" novalidate=\"novalidate\" action=\"\">\r\n\t\t\t\t\t\t<input type=\"hidden\" name=\"file\" value=\"Pullets-rearing-commercial-layers-guide.pdf\" \/>\r\n\t\t\t\t\t\t<div class=\"dae-shortcode-register-field-wrap\"><div class=\"dae-shortcode-register-icon\"><i class=\"fas fa-envelope\"><\/i><\/div><div class=\"dae-shortcode-register-input-wrap\"><input class=\"dae-shortcode-register-field\" type=\"email\" name=\"email\" placeholder=\"Email\" autocomplete=\"off\" \/><\/div><\/div>\r\n\t\t\t\t\t\t\r\n\t\t\t<p>\r\n\t\t\t\t<input class=\"dae-shortcode-register-checkbox\" type=\"checkbox\" name=\"required_checkbox\" value=\"Je confirme que j&#039;ai lu et accept\u00e9 la &lt;a href=&quot;https:\/\/starponte.com\/politique-de-confidentialite\/&quot; target=&quot;_blank&quot;&gt;Politique de confidentialit\u00e9&lt;\/a&gt;.\" \/>\r\n\t\t\t\t<span class=\"dae-shortcode-register-checkbox-text\">Je confirme que j'ai lu et accept\u00e9 la <a href=\"https:\/\/starponte.com\/en\/politique-de-confidentialite\/\" target=\"_blank\">Privacy Policy<\/a>.<\/span>\r\n\t\t\t<\/p>\r\n\t\t\r\n\t\t\t\t\t\t\r\n\t\t\t\t\t\t<p>\r\n\t\t\t\t\t\t\t<input class=\"dae-shortcode-register-submit\" type=\"submit\" value=\"Envoyer le lien\" \/>\r\n\t\t\t\t\t\t<\/p>\r\n\t\t\t\t\t\t<p class=\"dae-shortcode-register-loading\">\r\n\t\t\t\t\t\t\t<i class=\"fas fa-spinner fa-spin\"><\/i>\r\n\t\t\t\t\t\t<\/p>\r\n\t\t\t\t\t<input type=\"hidden\" name=\"trp-form-language\" value=\"en\"\/><\/form>\r\n\t\t\t\t\t<p class=\"dae-shortcode-register-message\"><\/p>\r\n\t\t\t\t<\/div>\r\n\t\t\t<\/div>\r\n\t\t<\/div>\r\n\t\n\t\t<\/div>\n\t<\/div>\n<\/div><\/div><\/div><\/div>","protected":false},"excerpt":{"rendered":"Pullets rearing &amp; commercial layers guide T\u00c9L\u00c9CHARGEMENT GRATUIT Envoyer le lien de t\u00e9l\u00e9chargement \u00e0 : Je confirme que j'ai lu et accept\u00e9 la Politique de confidentialit\u00e9.","protected":false},"author":1,"featured_media":0,"parent":0,"menu_order":0,"comment_status":"closed","ping_status":"closed","template":"","meta":{"footnotes":""},"yoast_head":"<!-- This site is optimized with the Yoast SEO plugin v22.3 - https:\/\/yoast.com\/wordpress\/plugins\/seo\/ -->\n<title>Pullets rearing &amp; commercial layers guide - Starponte<\/title>\n<meta name=\"robots\" content=\"index, follow, max-snippet:-1, max-image-preview:large, max-video-preview:-1\" \/>\n<link rel=\"canonical\" href=\"https:\/\/starponte.com\/en\/pullets-rearing-commercial-layers-guide-2\/\" \/>\n<meta property=\"og:locale\" content=\"en_US\" \/>\n<meta property=\"og:type\" content=\"article\" \/>\n<meta property=\"og:title\" content=\"Pullets rearing &amp; commercial layers guide - Starponte\" \/>\n<meta property=\"og:url\" content=\"https:\/\/starponte.com\/en\/pullets-rearing-commercial-layers-guide-2\/\" \/>\n<meta property=\"og:site_name\" content=\"Starponte\" \/>\n<meta property=\"article:modified_time\" content=\"2021-04-20T12:38:05+00:00\" \/>\n<meta name=\"twitter:card\" content=\"summary_large_image\" \/>\n<script type=\"application\/ld+json\" class=\"yoast-schema-graph\">{\"@context\":\"https:\/\/schema.org\",\"@graph\":[{\"@type\":\"WebPage\",\"@id\":\"https:\/\/starponte.com\/pullets-rearing-commercial-layers-guide-2\/\",\"url\":\"https:\/\/starponte.com\/pullets-rearing-commercial-layers-guide-2\/\",\"name\":\"Pullets rearing & commercial layers guide - Starponte\",\"isPartOf\":{\"@id\":\"https:\/\/starponte.com\/#website\"},\"datePublished\":\"2021-04-20T12:34:42+00:00\",\"dateModified\":\"2021-04-20T12:38:05+00:00\",\"breadcrumb\":{\"@id\":\"https:\/\/starponte.com\/pullets-rearing-commercial-layers-guide-2\/#breadcrumb\"},\"inLanguage\":\"en-US\",\"potentialAction\":[{\"@type\":\"ReadAction\",\"target\":[\"https:\/\/starponte.com\/pullets-rearing-commercial-layers-guide-2\/\"]}]},{\"@type\":\"BreadcrumbList\",\"@id\":\"https:\/\/starponte.com\/pullets-rearing-commercial-layers-guide-2\/#breadcrumb\",\"itemListElement\":[{\"@type\":\"ListItem\",\"position\":1,\"name\":\"Home\",\"item\":\"https:\/\/starponte.com\/\"},{\"@type\":\"ListItem\",\"position\":2,\"name\":\"Pullets rearing &#038; commercial layers guide\"}]},{\"@type\":\"WebSite\",\"@id\":\"https:\/\/starponte.com\/#website\",\"url\":\"https:\/\/starponte.com\/\",\"name\":\"Starponte\",\"description\":\"Les Pondeuses Reunies\",\"potentialAction\":[{\"@type\":\"SearchAction\",\"target\":{\"@type\":\"EntryPoint\",\"urlTemplate\":\"https:\/\/starponte.com\/?s={search_term_string}\"},\"query-input\":\"required name=search_term_string\"}],\"inLanguage\":\"en-US\"}]}<\/script>\n<!-- \/ Yoast SEO plugin. -->","yoast_head_json":{"title":"Pullets rearing & commercial layers guide - Starponte","robots":{"index":"index","follow":"follow","max-snippet":"max-snippet:-1","max-image-preview":"max-image-preview:large","max-video-preview":"max-video-preview:-1"},"canonical":"https:\/\/starponte.com\/en\/pullets-rearing-commercial-layers-guide-2\/","og_locale":"en_US","og_type":"article","og_title":"Pullets rearing & commercial layers guide - Starponte","og_url":"https:\/\/starponte.com\/en\/pullets-rearing-commercial-layers-guide-2\/","og_site_name":"Starponte","article_modified_time":"2021-04-20T12:38:05+00:00","twitter_card":"summary_large_image","schema":{"@context":"https:\/\/schema.org","@graph":[{"@type":"WebPage","@id":"https:\/\/starponte.com\/pullets-rearing-commercial-layers-guide-2\/","url":"https:\/\/starponte.com\/pullets-rearing-commercial-layers-guide-2\/","name":"Pullets rearing & commercial layers guide - Starponte","isPartOf":{"@id":"https:\/\/starponte.com\/#website"},"datePublished":"2021-04-20T12:34:42+00:00","dateModified":"2021-04-20T12:38:05+00:00","breadcrumb":{"@id":"https:\/\/starponte.com\/pullets-rearing-commercial-layers-guide-2\/#breadcrumb"},"inLanguage":"en-US","potentialAction":[{"@type":"ReadAction","target":["https:\/\/starponte.com\/pullets-rearing-commercial-layers-guide-2\/"]}]},{"@type":"BreadcrumbList","@id":"https:\/\/starponte.com\/pullets-rearing-commercial-layers-guide-2\/#breadcrumb","itemListElement":[{"@type":"ListItem","position":1,"name":"Home","item":"https:\/\/starponte.com\/"},{"@type":"ListItem","position":2,"name":"Pullets rearing &#038; commercial layers guide"}]},{"@type":"WebSite","@id":"https:\/\/starponte.com\/#website","url":"https:\/\/starponte.com\/","name":"Starponte","description":"Les Pondeuses Reunies","potentialAction":[{"@type":"SearchAction","target":{"@type":"EntryPoint","urlTemplate":"https:\/\/starponte.com\/?s={search_term_string}"},"query-input":"required name=search_term_string"}],"inLanguage":"en-US"}]}},"_links":{"self":[{"href":"https:\/\/starponte.com\/en\/wp-json\/wp\/v2\/pages\/1887"}],"collection":[{"href":"https:\/\/starponte.com\/en\/wp-json\/wp\/v2\/pages"}],"about":[{"href":"https:\/\/starponte.com\/en\/wp-json\/wp\/v2\/types\/page"}],"author":[{"embeddable":true,"href":"https:\/\/starponte.com\/en\/wp-json\/wp\/v2\/users\/1"}],"replies":[{"embeddable":true,"href":"https:\/\/starponte.com\/en\/wp-json\/wp\/v2\/comments?post=1887"}],"version-history":[{"count":2,"href":"https:\/\/starponte.com\/en\/wp-json\/wp\/v2\/pages\/1887\/revisions"}],"predecessor-version":[{"id":1893,"href":"https:\/\/starponte.com\/en\/wp-json\/wp\/v2\/pages\/1887\/revisions\/1893"}],"wp:attachment":[{"href":"https:\/\/starponte.com\/en\/wp-json\/wp\/v2\/media?parent=1887"}],"curies":[{"name":"wp","href":"https:\/\/api.w.org\/{rel}","templated":true}]}}